{"id":23067,"date":"2026-04-15T17:50:41","date_gmt":"2026-04-15T17:50:41","guid":{"rendered":"https:\/\/aliancaevangelica.pt\/site\/?page_id=23067"},"modified":"2026-04-15T17:58:13","modified_gmt":"2026-04-15T17:58:13","slug":"declaracao-de-fe","status":"publish","type":"page","link":"https:\/\/aliancaevangelica.pt\/site\/declaracao-de-fe\/","title":{"rendered":"Declara\u00e7\u00e3o de F\u00e9"},"content":{"rendered":"\n<h3 class=\"wp-block-heading\"><em>&#8220;Ora, o Deus da paci\u00eancia e da consola\u00e7\u00e3o vos conceda o mesmo sentir de uns para com os outros, segundo Cristo Jesus, para que concordemente e a uma voz glorifiqueis ao Deus e Pai de nosso Senhor Jesus Cristo.&#8221;<\/em><br><sub>Romanos 15:5-6<\/sub><\/h3>\n\n\n\n<figure class=\"wp-block-image aligncenter size-large is-resized\"><img loading=\"lazy\" decoding=\"async\" width=\"1024\" height=\"595\" src=\"https:\/\/aliancaevangelica.pt\/site\/wp-content\/uploads\/2020\/07\/logo-AEP-1024x595.png\" alt=\"\" class=\"wp-image-18339\" style=\"aspect-ratio:1.7209852414670102;width:413px;height:auto\" srcset=\"https:\/\/aliancaevangelica.pt\/site\/wp-content\/uploads\/2020\/07\/logo-AEP-1024x595.png 1024w, https:\/\/aliancaevangelica.pt\/site\/wp-content\/uploads\/2020\/07\/logo-AEP-300x174.png 300w, https:\/\/aliancaevangelica.pt\/site\/wp-content\/uploads\/2020\/07\/logo-AEP-768x446.png 768w, https:\/\/aliancaevangelica.pt\/site\/wp-content\/uploads\/2020\/07\/logo-AEP.png 1156w\" sizes=\"auto, (max-width: 1024px) 100vw, 1024px\" \/><\/figure>\n\n\n\n<h2 class=\"wp-block-heading has-text-align-center\">Declara\u00e7\u00e3o de F\u00e9 da Alian\u00e7a Evang\u00e9lica Portuguesa<\/h2>\n\n\n\n<div style=\"height:25px\" aria-hidden=\"true\" class=\"wp-block-spacer\"><\/div>\n\n\n\n<ol class=\"wp-block-list has-medium-font-size\">\n<li><strong>Cremos <\/strong>na exist\u00eancia de um \u00fanico Deus eterno, pessoal, inteligente e espiritual, eternamente existente em tr\u00eas pessoas: Pai, Filho e Esp\u00edrito Santo.<\/li>\n\n\n\n<li><strong>Cremos <\/strong>na soberania e sabedoria de Deus na cria\u00e7\u00e3o e sustento do Universo, na provid\u00eancia, na revela\u00e7\u00e3o e na reden\u00e7\u00e3o.<\/li>\n\n\n\n<li><strong>Cremos <\/strong>no Senhor Jesus Cristo como Filho Unig\u00e9nito de Deus e coexistente com o Pai, na Sua encarna\u00e7\u00e3o humana, no Seu nascimento virginal, na Sua vida sem pecado, nos seus milagres divinos, no Seu sacrif\u00edcio redentor, na Sua ressurrei\u00e7\u00e3o e ascens\u00e3o corporal, na Sua media\u00e7\u00e3o junto de Deus, na Sua segunda vinda pessoal, vis\u00edvel e em poder e gl\u00f3ria.<\/li>\n\n\n\n<li><strong>Cremos <\/strong>no Esp\u00edrito Santo, sua personalidade, divindade e atividade, que opera a convers\u00e3o e regenera\u00e7\u00e3o do pecador e lhe concede poder para testemunhar do Evangelho e exercitar dons.<\/li>\n\n\n\n<li><strong>Cremos <\/strong>na inspira\u00e7\u00e3o divina e total das Escrituras Sagradas, na Sua suprema autoridade como \u00fanica e suficiente regra em mat\u00e9ria de f\u00e9 e de conduta e que n\u00e3o existe qualquer erro ou engano em tudo o que ela declara.<\/li>\n\n\n\n<li><strong>Cremos <\/strong>que o homem foi criado por Deus \u00e0 Sua imagem, que pecou em Ad\u00e3o, que caiu do seu primitivo estado de santidade por transgress\u00e3o volunt\u00e1ria e que \u00e9 atualmente um pecador por natureza e escolha, estando, por isso, sob a condena\u00e7\u00e3o de Deus.<\/li>\n\n\n\n<li><strong>Cremos <\/strong>na salva\u00e7\u00e3o e justifica\u00e7\u00e3o do pecador pelo sacrif\u00edcio expiat\u00f3rio de Jesus Cristo, que se adquire pela f\u00e9 Nele, como uma gra\u00e7a de Deus, independente do m\u00e9rito humano, de boas obras ou de cerim\u00f3nias.<\/li>\n\n\n\n<li><strong>Cremos <\/strong>na imortalidade da alma, na ressurrei\u00e7\u00e3o corporal de todos os mortos, no ju\u00edzo final do mundo pelo Senhor Jesus Cristo, na eterna condena\u00e7\u00e3o dos n\u00e3o crentes.<\/li>\n\n\n\n<li><strong>Cremos <\/strong>que a igreja \u00e9 o corpo universal e espiritual de Cristo, cuja cabe\u00e7a \u00e9 Ele, com a miss\u00e3o de pregar o Evangelho no mundo inteiro e que, na sua express\u00e3o local, ela \u00e9 um corpo vivo, uma comunh\u00e3o de crentes congregados para a sua edifica\u00e7\u00e3o, adora\u00e7\u00e3o e proclama\u00e7\u00e3o do evangelho. Cremos tamb\u00e9m que Cristo conferiu \u00e0 sua Igreja, com car\u00e1cter de perman\u00eancia, duas ordenan\u00e7as: o Batismo e a Ceia do Senhor.<\/li>\n\n\n\n<li><strong>Cremos <\/strong>que \u00e9 dever de todas as igrejas locais e de cada crente em particular esfor\u00e7arem-se por fazer disc\u00edpulos em todas as na\u00e7\u00f5es e proclamarem a toda a criatura a grande salva\u00e7\u00e3o de Deus.<\/li>\n\n\n\n<li><strong>Cremos <\/strong>que \u00e9 dever de todo o crist\u00e3o servir a Deus em boa mordomia, promover a paz entre todos os homens e a coopera\u00e7\u00e3o entre as igrejas e os irm\u00e3os, tendo em vista a concretiza\u00e7\u00e3o dos grandes objetivos do Reino de Deus.<\/li>\n<\/ol>\n\n\n\n<div style=\"height:25px\" aria-hidden=\"true\" class=\"wp-block-spacer\"><\/div>\n\n\n\n<div class=\"wp-block-uagb-buttons uagb-buttons__outer-wrap uagb-btn__default-btn uagb-btn-tablet__default-btn uagb-btn-mobile__default-btn uagb-block-6dc394e5\"><div class=\"uagb-buttons__wrap uagb-buttons-layout-wrap \">\n<div class=\"wp-block-uagb-buttons-child uagb-buttons__outer-wrap uagb-block-57777855 wp-block-button\"><div class=\"uagb-button__wrapper\"><a class=\"uagb-buttons-repeater wp-block-button__link\" aria-label=\"\" href=\"https:\/\/aliancaevangelica.pt\/site\/alianca-evangelica-portuguesa\/\" rel=\"follow noopener\" target=\"_self\" role=\"button\"><div class=\"uagb-button__link\">A AEP<\/div><\/a><\/div><\/div>\n\n\n\n<div class=\"wp-block-uagb-buttons-child uagb-buttons__outer-wrap uagb-block-0fb4cdde wp-block-button\"><div class=\"uagb-button__wrapper\"><a class=\"uagb-buttons-repeater wp-block-button__link\" aria-label=\"\" href=\"#\" rel=\"follow noopener\" target=\"_self\" role=\"button\"><div class=\"uagb-button__link\">Hist\u00f3ria<\/div><\/a><\/div><\/div>\n\n\n\n<div class=\"wp-block-uagb-buttons-child uagb-buttons__outer-wrap uagb-block-1d87350b wp-block-button\"><div class=\"uagb-button__wrapper\"><a class=\"uagb-buttons-repeater wp-block-button__link\" aria-label=\"\" href=\"#\" rel=\"follow noopener\" target=\"_self\" role=\"button\"><div class=\"uagb-button__link\">Plano de Atividades<\/div><\/a><\/div><\/div>\n\n\n\n<div class=\"wp-block-uagb-buttons-child uagb-buttons__outer-wrap uagb-block-d024979c wp-block-button\"><div class=\"uagb-button__wrapper\"><a class=\"uagb-buttons-repeater wp-block-button__link\" aria-label=\"\" href=\"#\" rel=\"follow noopener\" target=\"_self\" role=\"button\"><div class=\"uagb-button__link\">Presta\u00e7\u00e3o de Contas<\/div><\/a><\/div><\/div>\n<\/div><\/div>\n\n\n\n<div style=\"height:100px\" aria-hidden=\"true\" class=\"wp-block-spacer\"><\/div>\n","protected":false},"excerpt":{"rendered":"<p>&#8220;Ora, o Deus da paci\u00eancia e da consola\u00e7\u00e3o vos conceda o mesmo sentir de uns para com os outros, segundo Cristo Jesus, para que concordemente e a uma voz glorifiqueis<\/p>\n","protected":false},"author":3,"featured_media":0,"parent":0,"menu_order":0,"comment_status":"closed","ping_status":"closed","template":"","meta":{"_uag_custom_page_level_css":"","_themeisle_gutenberg_block_has_review":false,"_vp_format_video_url":"","_vp_image_focal_point":[],"footnotes":""},"class_list":["post-23067","page","type-page","status-publish","hentry"],"yoast_head":"<!-- This site is optimized with the Yoast SEO plugin v27.4 - https:\/\/yoast.com\/product\/yoast-seo-wordpress\/ -->\n<title>Declara\u00e7\u00e3o de F\u00e9 - AEP<\/title>\n<meta name=\"robots\" content=\"index, follow, max-snippet:-1, max-image-preview:large, max-video-preview:-1\" \/>\n<link rel=\"canonical\" href=\"https:\/\/aliancaevangelica.pt\/site\/declaracao-de-fe\/\" \/>\n<meta property=\"og:locale\" content=\"pt_PT\" \/>\n<meta property=\"og:type\" content=\"article\" \/>\n<meta property=\"og:title\" content=\"Declara\u00e7\u00e3o de F\u00e9 - AEP\" \/>\n<meta property=\"og:description\" content=\"&#8220;Ora, o Deus da paci\u00eancia e da consola\u00e7\u00e3o vos conceda o mesmo sentir de uns para com os outros, segundo Cristo Jesus, para que concordemente e a uma voz glorifiqueis\" \/>\n<meta property=\"og:url\" content=\"https:\/\/aliancaevangelica.pt\/site\/declaracao-de-fe\/\" \/>\n<meta property=\"og:site_name\" content=\"AEP\" \/>\n<meta property=\"article:publisher\" content=\"http:\/\/facebook.com\/aeportuguesa\" \/>\n<meta property=\"article:modified_time\" content=\"2026-04-15T17:58:13+00:00\" \/>\n<meta property=\"og:image\" content=\"https:\/\/aliancaevangelica.pt\/site\/wp-content\/uploads\/2020\/07\/logo-AEP.png\" \/>\n\t<meta property=\"og:image:width\" content=\"1156\" \/>\n\t<meta property=\"og:image:height\" content=\"672\" \/>\n\t<meta property=\"og:image:type\" content=\"image\/png\" \/>\n<meta name=\"twitter:card\" content=\"summary_large_image\" \/>\n<meta name=\"twitter:label1\" content=\"Tempo estimado de leitura\" \/>\n\t<meta name=\"twitter:data1\" content=\"3 minutos\" \/>\n<script type=\"application\/ld+json\" class=\"yoast-schema-graph\">{\"@context\":\"https:\\\/\\\/schema.org\",\"@graph\":[{\"@type\":\"WebPage\",\"@id\":\"https:\\\/\\\/aliancaevangelica.pt\\\/site\\\/declaracao-de-fe\\\/\",\"url\":\"https:\\\/\\\/aliancaevangelica.pt\\\/site\\\/declaracao-de-fe\\\/\",\"name\":\"Declara\u00e7\u00e3o de F\u00e9 - AEP\",\"isPartOf\":{\"@id\":\"https:\\\/\\\/aliancaevangelica.pt\\\/site\\\/#website\"},\"primaryImageOfPage\":{\"@id\":\"https:\\\/\\\/aliancaevangelica.pt\\\/site\\\/declaracao-de-fe\\\/#primaryimage\"},\"image\":{\"@id\":\"https:\\\/\\\/aliancaevangelica.pt\\\/site\\\/declaracao-de-fe\\\/#primaryimage\"},\"thumbnailUrl\":\"https:\\\/\\\/aliancaevangelica.pt\\\/site\\\/wp-content\\\/uploads\\\/2020\\\/07\\\/logo-AEP-1024x595.png\",\"datePublished\":\"2026-04-15T17:50:41+00:00\",\"dateModified\":\"2026-04-15T17:58:13+00:00\",\"breadcrumb\":{\"@id\":\"https:\\\/\\\/aliancaevangelica.pt\\\/site\\\/declaracao-de-fe\\\/#breadcrumb\"},\"inLanguage\":\"pt-PT\",\"potentialAction\":[{\"@type\":\"ReadAction\",\"target\":[\"https:\\\/\\\/aliancaevangelica.pt\\\/site\\\/declaracao-de-fe\\\/\"]}]},{\"@type\":\"ImageObject\",\"inLanguage\":\"pt-PT\",\"@id\":\"https:\\\/\\\/aliancaevangelica.pt\\\/site\\\/declaracao-de-fe\\\/#primaryimage\",\"url\":\"https:\\\/\\\/aliancaevangelica.pt\\\/site\\\/wp-content\\\/uploads\\\/2020\\\/07\\\/logo-AEP.png\",\"contentUrl\":\"https:\\\/\\\/aliancaevangelica.pt\\\/site\\\/wp-content\\\/uploads\\\/2020\\\/07\\\/logo-AEP.png\",\"width\":1156,\"height\":672},{\"@type\":\"BreadcrumbList\",\"@id\":\"https:\\\/\\\/aliancaevangelica.pt\\\/site\\\/declaracao-de-fe\\\/#breadcrumb\",\"itemListElement\":[{\"@type\":\"ListItem\",\"position\":1,\"name\":\"In\u00edcio\",\"item\":\"https:\\\/\\\/aliancaevangelica.pt\\\/site\\\/\"},{\"@type\":\"ListItem\",\"position\":2,\"name\":\"Declara\u00e7\u00e3o de F\u00e9\"}]},{\"@type\":\"WebSite\",\"@id\":\"https:\\\/\\\/aliancaevangelica.pt\\\/site\\\/#website\",\"url\":\"https:\\\/\\\/aliancaevangelica.pt\\\/site\\\/\",\"name\":\"Alian\u00e7a Evang\u00e9lica Portuguesa\",\"description\":\"Alian\u00e7a Evang\u00e9lica Portuguesa\",\"publisher\":{\"@id\":\"https:\\\/\\\/aliancaevangelica.pt\\\/site\\\/#organization\"},\"potentialAction\":[{\"@type\":\"SearchAction\",\"target\":{\"@type\":\"EntryPoint\",\"urlTemplate\":\"https:\\\/\\\/aliancaevangelica.pt\\\/site\\\/?s={search_term_string}\"},\"query-input\":{\"@type\":\"PropertyValueSpecification\",\"valueRequired\":true,\"valueName\":\"search_term_string\"}}],\"inLanguage\":\"pt-PT\"},{\"@type\":\"Organization\",\"@id\":\"https:\\\/\\\/aliancaevangelica.pt\\\/site\\\/#organization\",\"name\":\"Alian\u00e7a Evang\u00e9lica Portuguesa\",\"url\":\"https:\\\/\\\/aliancaevangelica.pt\\\/site\\\/\",\"logo\":{\"@type\":\"ImageObject\",\"inLanguage\":\"pt-PT\",\"@id\":\"https:\\\/\\\/aliancaevangelica.pt\\\/site\\\/#\\\/schema\\\/logo\\\/image\\\/\",\"url\":\"https:\\\/\\\/aliancaevangelica.pt\\\/site\\\/wp-content\\\/uploads\\\/2017\\\/11\\\/logo-AEP-cor.png\",\"contentUrl\":\"https:\\\/\\\/aliancaevangelica.pt\\\/site\\\/wp-content\\\/uploads\\\/2017\\\/11\\\/logo-AEP-cor.png\",\"width\":1156,\"height\":672,\"caption\":\"Alian\u00e7a Evang\u00e9lica Portuguesa\"},\"image\":{\"@id\":\"https:\\\/\\\/aliancaevangelica.pt\\\/site\\\/#\\\/schema\\\/logo\\\/image\\\/\"},\"sameAs\":[\"http:\\\/\\\/facebook.com\\\/aeportuguesa\",\"http:\\\/\\\/instagram.com\\\/aliancaep\",\"http:\\\/\\\/youtube.com\\\/aeportuguesa\"]}]}<\/script>\n<!-- \/ Yoast SEO plugin. -->","yoast_head_json":{"title":"Declara\u00e7\u00e3o de F\u00e9 - AEP","robots":{"index":"index","follow":"follow","max-snippet":"max-snippet:-1","max-image-preview":"max-image-preview:large","max-video-preview":"max-video-preview:-1"},"canonical":"https:\/\/aliancaevangelica.pt\/site\/declaracao-de-fe\/","og_locale":"pt_PT","og_type":"article","og_title":"Declara\u00e7\u00e3o de F\u00e9 - AEP","og_description":"&#8220;Ora, o Deus da paci\u00eancia e da consola\u00e7\u00e3o vos conceda o mesmo sentir de uns para com os outros, segundo Cristo Jesus, para que concordemente e a uma voz glorifiqueis","og_url":"https:\/\/aliancaevangelica.pt\/site\/declaracao-de-fe\/","og_site_name":"AEP","article_publisher":"http:\/\/facebook.com\/aeportuguesa","article_modified_time":"2026-04-15T17:58:13+00:00","og_image":[{"width":1156,"height":672,"url":"https:\/\/aliancaevangelica.pt\/site\/wp-content\/uploads\/2020\/07\/logo-AEP.png","type":"image\/png"}],"twitter_card":"summary_large_image","twitter_misc":{"Tempo estimado de leitura":"3 minutos"},"schema":{"@context":"https:\/\/schema.org","@graph":[{"@type":"WebPage","@id":"https:\/\/aliancaevangelica.pt\/site\/declaracao-de-fe\/","url":"https:\/\/aliancaevangelica.pt\/site\/declaracao-de-fe\/","name":"Declara\u00e7\u00e3o de F\u00e9 - AEP","isPartOf":{"@id":"https:\/\/aliancaevangelica.pt\/site\/#website"},"primaryImageOfPage":{"@id":"https:\/\/aliancaevangelica.pt\/site\/declaracao-de-fe\/#primaryimage"},"image":{"@id":"https:\/\/aliancaevangelica.pt\/site\/declaracao-de-fe\/#primaryimage"},"thumbnailUrl":"https:\/\/aliancaevangelica.pt\/site\/wp-content\/uploads\/2020\/07\/logo-AEP-1024x595.png","datePublished":"2026-04-15T17:50:41+00:00","dateModified":"2026-04-15T17:58:13+00:00","breadcrumb":{"@id":"https:\/\/aliancaevangelica.pt\/site\/declaracao-de-fe\/#breadcrumb"},"inLanguage":"pt-PT","potentialAction":[{"@type":"ReadAction","target":["https:\/\/aliancaevangelica.pt\/site\/declaracao-de-fe\/"]}]},{"@type":"ImageObject","inLanguage":"pt-PT","@id":"https:\/\/aliancaevangelica.pt\/site\/declaracao-de-fe\/#primaryimage","url":"https:\/\/aliancaevangelica.pt\/site\/wp-content\/uploads\/2020\/07\/logo-AEP.png","contentUrl":"https:\/\/aliancaevangelica.pt\/site\/wp-content\/uploads\/2020\/07\/logo-AEP.png","width":1156,"height":672},{"@type":"BreadcrumbList","@id":"https:\/\/aliancaevangelica.pt\/site\/declaracao-de-fe\/#breadcrumb","itemListElement":[{"@type":"ListItem","position":1,"name":"In\u00edcio","item":"https:\/\/aliancaevangelica.pt\/site\/"},{"@type":"ListItem","position":2,"name":"Declara\u00e7\u00e3o de F\u00e9"}]},{"@type":"WebSite","@id":"https:\/\/aliancaevangelica.pt\/site\/#website","url":"https:\/\/aliancaevangelica.pt\/site\/","name":"Alian\u00e7a Evang\u00e9lica Portuguesa","description":"Alian\u00e7a Evang\u00e9lica Portuguesa","publisher":{"@id":"https:\/\/aliancaevangelica.pt\/site\/#organization"},"potentialAction":[{"@type":"SearchAction","target":{"@type":"EntryPoint","urlTemplate":"https:\/\/aliancaevangelica.pt\/site\/?s={search_term_string}"},"query-input":{"@type":"PropertyValueSpecification","valueRequired":true,"valueName":"search_term_string"}}],"inLanguage":"pt-PT"},{"@type":"Organization","@id":"https:\/\/aliancaevangelica.pt\/site\/#organization","name":"Alian\u00e7a Evang\u00e9lica Portuguesa","url":"https:\/\/aliancaevangelica.pt\/site\/","logo":{"@type":"ImageObject","inLanguage":"pt-PT","@id":"https:\/\/aliancaevangelica.pt\/site\/#\/schema\/logo\/image\/","url":"https:\/\/aliancaevangelica.pt\/site\/wp-content\/uploads\/2017\/11\/logo-AEP-cor.png","contentUrl":"https:\/\/aliancaevangelica.pt\/site\/wp-content\/uploads\/2017\/11\/logo-AEP-cor.png","width":1156,"height":672,"caption":"Alian\u00e7a Evang\u00e9lica Portuguesa"},"image":{"@id":"https:\/\/aliancaevangelica.pt\/site\/#\/schema\/logo\/image\/"},"sameAs":["http:\/\/facebook.com\/aeportuguesa","http:\/\/instagram.com\/aliancaep","http:\/\/youtube.com\/aeportuguesa"]}]}},"uagb_featured_image_src":{"full":false,"thumbnail":false,"medium":false,"medium_large":false,"large":false,"1536x1536":false,"2048x2048":false,"vp_sm":false,"vp_md":false,"vp_lg":false,"vp_xl":false,"vp_sm_popup":false,"vp_md_popup":false,"vp_xl_popup":false,"newsx-150x100":false,"newsx-330x220":false,"newsx-420x280":false,"newsx-510x340":false,"newsx-640x480":false,"newsx-670x370":false,"newsx-860x570":false,"newsx-1000x750":false,"newsx-1200x600":false},"uagb_author_info":{"display_name":"AEP","author_link":"https:\/\/aliancaevangelica.pt\/site\/author\/wpadmaep\/"},"uagb_comment_info":0,"uagb_excerpt":"&#8220;Ora, o Deus da paci\u00eancia e da consola\u00e7\u00e3o vos conceda o mesmo sentir de uns para com os outros, segundo Cristo Jesus, para que concordemente e a uma voz glorifiqueis","_links":{"self":[{"href":"https:\/\/aliancaevangelica.pt\/site\/wp-json\/wp\/v2\/pages\/23067","targetHints":{"allow":["GET"]}}],"collection":[{"href":"https:\/\/aliancaevangelica.pt\/site\/wp-json\/wp\/v2\/pages"}],"about":[{"href":"https:\/\/aliancaevangelica.pt\/site\/wp-json\/wp\/v2\/types\/page"}],"author":[{"embeddable":true,"href":"https:\/\/aliancaevangelica.pt\/site\/wp-json\/wp\/v2\/users\/3"}],"replies":[{"embeddable":true,"href":"https:\/\/aliancaevangelica.pt\/site\/wp-json\/wp\/v2\/comments?post=23067"}],"version-history":[{"count":10,"href":"https:\/\/aliancaevangelica.pt\/site\/wp-json\/wp\/v2\/pages\/23067\/revisions"}],"predecessor-version":[{"id":23111,"href":"https:\/\/aliancaevangelica.pt\/site\/wp-json\/wp\/v2\/pages\/23067\/revisions\/23111"}],"wp:attachment":[{"href":"https:\/\/aliancaevangelica.pt\/site\/wp-json\/wp\/v2\/media?parent=23067"}],"curies":[{"name":"wp","href":"https:\/\/api.w.org\/{rel}","templated":true}]}}