{"id":23065,"date":"2026-04-15T17:26:35","date_gmt":"2026-04-15T17:26:35","guid":{"rendered":"https:\/\/aliancaevangelica.pt\/site\/?page_id=23065"},"modified":"2026-04-15T18:10:22","modified_gmt":"2026-04-15T18:10:22","slug":"alianca-evangelica-portuguesa","status":"publish","type":"page","link":"https:\/\/aliancaevangelica.pt\/site\/alianca-evangelica-portuguesa\/","title":{"rendered":"Alian\u00e7a Evang\u00e9lica Portuguesa"},"content":{"rendered":"\n<h3 class=\"wp-block-heading\"><em>&#8220;Ora, o Deus da paci\u00eancia e da consola\u00e7\u00e3o vos conceda o mesmo sentir de uns para com os outros, segundo Cristo Jesus, para que concordemente e a uma voz glorifiqueis ao Deus e Pai de nosso Senhor Jesus Cristo.&#8221;<\/em><br><sub>Romanos 15:5-6<\/sub><\/h3>\n\n\n\n<div style=\"height:25px\" aria-hidden=\"true\" class=\"wp-block-spacer\"><\/div>\n\n\n\n<p>A <strong>Alian\u00e7a Evang\u00e9lica Portuguesa<\/strong> congrega e representa perante terceiros os evang\u00e9licos portugueses, herdeiros da Reforma Protestante que tem as Escrituras como \u00fanica regra de f\u00e9.<\/p>\n\n\n\n<p><strong>Os nossos membros<\/strong>: pastores e l\u00edderes das Igrejas Evang\u00e9licas, Igrejas e Comunidades Locais aut\u00f3nomas, Associa\u00e7\u00f5es de cariz evang\u00e9lica que apoiam as comunidades envolventes e igrejas assim como os Organismos de Coopera\u00e7\u00e3o de fam\u00edlias de Igrejas fazem parte da nossa Federa\u00e7\u00e3o.<\/p>\n\n\n\n<p><strong>Unir para Agir e Mobilizar para Transformar<\/strong> s\u00e3o lemas da Alian\u00e7a.<\/p>\n\n\n\n<h2 class=\"wp-block-heading\">Vis\u00e3o<\/h2>\n\n\n\n<p>A Dire\u00e7\u00e3o tem presente os objetivos da <strong>Alian\u00e7a Evang\u00e9lica Portuguesa<\/strong> e o conte\u00fado essencial do Plano Estrat\u00e9gico de 2003, que reconhece tratar-se de um documento v\u00e1lido em termos de identidade, imagem, vis\u00e3o e miss\u00e3o da <strong>AEP<\/strong>. Movidos pelo dever de honrar um passado que a todos dignifica, conscientes da vertente ministerial que a Alian\u00e7a Evang\u00e9lica Portuguesa implica e determinados a enfrentar os desafios que a sociedade contempor\u00e2nea a todos coloca, a Dire\u00e7\u00e3o da <strong>AEP <\/strong>prop\u00f5e-se dinamizar a sua a\u00e7\u00e3o nos seguintes aspetos:<\/p>\n\n\n\n<ol class=\"wp-block-list has-medium-font-size\">\n<li><strong>Promover <\/strong>a unidade do Corpo de Cristo em Portugal.<\/li>\n\n\n\n<li><strong>Afirmar <\/strong>a doutrina e a \u00e9tica b\u00edblicas.<\/li>\n\n\n\n<li><strong>Vincar <\/strong>a identidade hist\u00f3rica, doutrin\u00e1ria e \u00e9tica dos crist\u00e3os evang\u00e9licos, segundo o texto b\u00edblico como \u00fanica regra de f\u00e9.<\/li>\n\n\n\n<li><strong>Influenciar <\/strong>a sociedade nos planos cultural, pol\u00edtico e social com a dimens\u00e3o do espiritual.<\/li>\n\n\n\n<li>&nbsp;<strong>Coordenar <\/strong>os esfor\u00e7os dos membros nas \u00e1reas cultural, social, pol\u00edtica e espiritual.<\/li>\n\n\n\n<li><strong>Divulgar <\/strong>a mensagem crist\u00e3 evang\u00e9lica refor\u00e7ando a sua proced\u00eancia b\u00edblica face \u00e0s realidades do indiv\u00edduo e da sociedade, quer sejam espirituais, morais, \u00e9ticas, culturais, pol\u00edticas, etc.<\/li>\n\n\n\n<li><strong>Informar <\/strong>a comunidade evang\u00e9lica e a sociedade em geral sobre os projetos e atividades da AEP e da comunidade evang\u00e9lica.<\/li>\n\n\n\n<li><strong>Representar <\/strong>a comunidade evang\u00e9lica perante o Estado e autarquias locais.<\/li>\n\n\n\n<li><strong>Pugnar <\/strong>pelos direitos, liberdades e garantias da comunidade evang\u00e9lica.<\/li>\n<\/ol>\n\n\n\n<div style=\"height:25px\" aria-hidden=\"true\" class=\"wp-block-spacer\"><\/div>\n\n\n\n<div class=\"wp-block-uagb-buttons uagb-buttons__outer-wrap uagb-btn__default-btn uagb-btn-tablet__default-btn uagb-btn-mobile__default-btn uagb-block-6dc394e5\"><div class=\"uagb-buttons__wrap uagb-buttons-layout-wrap \">\n<div class=\"wp-block-uagb-buttons-child uagb-buttons__outer-wrap uagb-block-57777855 wp-block-button\"><div class=\"uagb-button__wrapper\"><a class=\"uagb-buttons-repeater wp-block-button__link\" aria-label=\"\" href=\"https:\/\/aliancaevangelica.pt\/site\/declaracao-de-fe\/\" rel=\"follow noopener\" target=\"_self\" role=\"button\"><div class=\"uagb-button__link\">Declara\u00e7\u00e3o de F\u00e9<\/div><\/a><\/div><\/div>\n\n\n\n<div class=\"wp-block-uagb-buttons-child uagb-buttons__outer-wrap uagb-block-0fb4cdde wp-block-button\"><div class=\"uagb-button__wrapper\"><a class=\"uagb-buttons-repeater wp-block-button__link\" aria-label=\"\" href=\"https:\/\/aliancaevangelica.pt\/site\/historia-da-aep\/\" rel=\"follow noopener\" target=\"_self\" role=\"button\"><div class=\"uagb-button__link\">Hist\u00f3ria da AEP<\/div><\/a><\/div><\/div>\n\n\n\n<div class=\"wp-block-uagb-buttons-child uagb-buttons__outer-wrap uagb-block-d024979c wp-block-button\"><div class=\"uagb-button__wrapper\"><a class=\"uagb-buttons-repeater wp-block-button__link\" aria-label=\"\" href=\"#\" rel=\"follow noopener\" target=\"_self\" role=\"button\"><div class=\"uagb-button__link\">Presta\u00e7\u00e3o de Contas<\/div><\/a><\/div><\/div>\n<\/div><\/div>\n\n\n\n<div style=\"height:100px\" aria-hidden=\"true\" class=\"wp-block-spacer\"><\/div>\n","protected":false},"excerpt":{"rendered":"<p>&#8220;Ora, o Deus da paci\u00eancia e da consola\u00e7\u00e3o vos conceda o mesmo sentir de uns para com os outros, segundo Cristo Jesus, para que concordemente e a uma voz glorifiqueis<\/p>\n","protected":false},"author":3,"featured_media":0,"parent":0,"menu_order":0,"comment_status":"closed","ping_status":"closed","template":"","meta":{"_uag_custom_page_level_css":"","_themeisle_gutenberg_block_has_review":false,"_vp_format_video_url":"","_vp_image_focal_point":[],"footnotes":""},"class_list":["post-23065","page","type-page","status-publish","hentry"],"yoast_head":"<!-- This site is optimized with the Yoast SEO plugin v27.4 - https:\/\/yoast.com\/product\/yoast-seo-wordpress\/ -->\n<title>Alian\u00e7a Evang\u00e9lica Portuguesa - AEP<\/title>\n<meta name=\"robots\" content=\"index, follow, max-snippet:-1, max-image-preview:large, max-video-preview:-1\" \/>\n<link rel=\"canonical\" href=\"https:\/\/aliancaevangelica.pt\/site\/alianca-evangelica-portuguesa\/\" \/>\n<meta property=\"og:locale\" content=\"pt_PT\" \/>\n<meta property=\"og:type\" content=\"article\" \/>\n<meta property=\"og:title\" content=\"Alian\u00e7a Evang\u00e9lica Portuguesa - AEP\" \/>\n<meta property=\"og:description\" content=\"&#8220;Ora, o Deus da paci\u00eancia e da consola\u00e7\u00e3o vos conceda o mesmo sentir de uns para com os outros, segundo Cristo Jesus, para que concordemente e a uma voz glorifiqueis\" \/>\n<meta property=\"og:url\" content=\"https:\/\/aliancaevangelica.pt\/site\/alianca-evangelica-portuguesa\/\" \/>\n<meta property=\"og:site_name\" content=\"AEP\" \/>\n<meta property=\"article:publisher\" content=\"http:\/\/facebook.com\/aeportuguesa\" \/>\n<meta property=\"article:modified_time\" content=\"2026-04-15T18:10:22+00:00\" \/>\n<meta name=\"twitter:card\" content=\"summary_large_image\" \/>\n<meta name=\"twitter:label1\" content=\"Tempo estimado de leitura\" \/>\n\t<meta name=\"twitter:data1\" content=\"2 minutos\" \/>\n<script type=\"application\/ld+json\" class=\"yoast-schema-graph\">{\"@context\":\"https:\\\/\\\/schema.org\",\"@graph\":[{\"@type\":\"WebPage\",\"@id\":\"https:\\\/\\\/aliancaevangelica.pt\\\/site\\\/alianca-evangelica-portuguesa\\\/\",\"url\":\"https:\\\/\\\/aliancaevangelica.pt\\\/site\\\/alianca-evangelica-portuguesa\\\/\",\"name\":\"Alian\u00e7a Evang\u00e9lica Portuguesa - AEP\",\"isPartOf\":{\"@id\":\"https:\\\/\\\/aliancaevangelica.pt\\\/site\\\/#website\"},\"datePublished\":\"2026-04-15T17:26:35+00:00\",\"dateModified\":\"2026-04-15T18:10:22+00:00\",\"breadcrumb\":{\"@id\":\"https:\\\/\\\/aliancaevangelica.pt\\\/site\\\/alianca-evangelica-portuguesa\\\/#breadcrumb\"},\"inLanguage\":\"pt-PT\",\"potentialAction\":[{\"@type\":\"ReadAction\",\"target\":[\"https:\\\/\\\/aliancaevangelica.pt\\\/site\\\/alianca-evangelica-portuguesa\\\/\"]}]},{\"@type\":\"BreadcrumbList\",\"@id\":\"https:\\\/\\\/aliancaevangelica.pt\\\/site\\\/alianca-evangelica-portuguesa\\\/#breadcrumb\",\"itemListElement\":[{\"@type\":\"ListItem\",\"position\":1,\"name\":\"In\u00edcio\",\"item\":\"https:\\\/\\\/aliancaevangelica.pt\\\/site\\\/\"},{\"@type\":\"ListItem\",\"position\":2,\"name\":\"Alian\u00e7a Evang\u00e9lica Portuguesa\"}]},{\"@type\":\"WebSite\",\"@id\":\"https:\\\/\\\/aliancaevangelica.pt\\\/site\\\/#website\",\"url\":\"https:\\\/\\\/aliancaevangelica.pt\\\/site\\\/\",\"name\":\"Alian\u00e7a Evang\u00e9lica Portuguesa\",\"description\":\"Alian\u00e7a Evang\u00e9lica Portuguesa\",\"publisher\":{\"@id\":\"https:\\\/\\\/aliancaevangelica.pt\\\/site\\\/#organization\"},\"potentialAction\":[{\"@type\":\"SearchAction\",\"target\":{\"@type\":\"EntryPoint\",\"urlTemplate\":\"https:\\\/\\\/aliancaevangelica.pt\\\/site\\\/?s={search_term_string}\"},\"query-input\":{\"@type\":\"PropertyValueSpecification\",\"valueRequired\":true,\"valueName\":\"search_term_string\"}}],\"inLanguage\":\"pt-PT\"},{\"@type\":\"Organization\",\"@id\":\"https:\\\/\\\/aliancaevangelica.pt\\\/site\\\/#organization\",\"name\":\"Alian\u00e7a Evang\u00e9lica Portuguesa\",\"url\":\"https:\\\/\\\/aliancaevangelica.pt\\\/site\\\/\",\"logo\":{\"@type\":\"ImageObject\",\"inLanguage\":\"pt-PT\",\"@id\":\"https:\\\/\\\/aliancaevangelica.pt\\\/site\\\/#\\\/schema\\\/logo\\\/image\\\/\",\"url\":\"https:\\\/\\\/aliancaevangelica.pt\\\/site\\\/wp-content\\\/uploads\\\/2017\\\/11\\\/logo-AEP-cor.png\",\"contentUrl\":\"https:\\\/\\\/aliancaevangelica.pt\\\/site\\\/wp-content\\\/uploads\\\/2017\\\/11\\\/logo-AEP-cor.png\",\"width\":1156,\"height\":672,\"caption\":\"Alian\u00e7a Evang\u00e9lica Portuguesa\"},\"image\":{\"@id\":\"https:\\\/\\\/aliancaevangelica.pt\\\/site\\\/#\\\/schema\\\/logo\\\/image\\\/\"},\"sameAs\":[\"http:\\\/\\\/facebook.com\\\/aeportuguesa\",\"http:\\\/\\\/instagram.com\\\/aliancaep\",\"http:\\\/\\\/youtube.com\\\/aeportuguesa\"]}]}<\/script>\n<!-- \/ Yoast SEO plugin. -->","yoast_head_json":{"title":"Alian\u00e7a Evang\u00e9lica Portuguesa - AEP","robots":{"index":"index","follow":"follow","max-snippet":"max-snippet:-1","max-image-preview":"max-image-preview:large","max-video-preview":"max-video-preview:-1"},"canonical":"https:\/\/aliancaevangelica.pt\/site\/alianca-evangelica-portuguesa\/","og_locale":"pt_PT","og_type":"article","og_title":"Alian\u00e7a Evang\u00e9lica Portuguesa - AEP","og_description":"&#8220;Ora, o Deus da paci\u00eancia e da consola\u00e7\u00e3o vos conceda o mesmo sentir de uns para com os outros, segundo Cristo Jesus, para que concordemente e a uma voz glorifiqueis","og_url":"https:\/\/aliancaevangelica.pt\/site\/alianca-evangelica-portuguesa\/","og_site_name":"AEP","article_publisher":"http:\/\/facebook.com\/aeportuguesa","article_modified_time":"2026-04-15T18:10:22+00:00","twitter_card":"summary_large_image","twitter_misc":{"Tempo estimado de leitura":"2 minutos"},"schema":{"@context":"https:\/\/schema.org","@graph":[{"@type":"WebPage","@id":"https:\/\/aliancaevangelica.pt\/site\/alianca-evangelica-portuguesa\/","url":"https:\/\/aliancaevangelica.pt\/site\/alianca-evangelica-portuguesa\/","name":"Alian\u00e7a Evang\u00e9lica Portuguesa - AEP","isPartOf":{"@id":"https:\/\/aliancaevangelica.pt\/site\/#website"},"datePublished":"2026-04-15T17:26:35+00:00","dateModified":"2026-04-15T18:10:22+00:00","breadcrumb":{"@id":"https:\/\/aliancaevangelica.pt\/site\/alianca-evangelica-portuguesa\/#breadcrumb"},"inLanguage":"pt-PT","potentialAction":[{"@type":"ReadAction","target":["https:\/\/aliancaevangelica.pt\/site\/alianca-evangelica-portuguesa\/"]}]},{"@type":"BreadcrumbList","@id":"https:\/\/aliancaevangelica.pt\/site\/alianca-evangelica-portuguesa\/#breadcrumb","itemListElement":[{"@type":"ListItem","position":1,"name":"In\u00edcio","item":"https:\/\/aliancaevangelica.pt\/site\/"},{"@type":"ListItem","position":2,"name":"Alian\u00e7a Evang\u00e9lica Portuguesa"}]},{"@type":"WebSite","@id":"https:\/\/aliancaevangelica.pt\/site\/#website","url":"https:\/\/aliancaevangelica.pt\/site\/","name":"Alian\u00e7a Evang\u00e9lica Portuguesa","description":"Alian\u00e7a Evang\u00e9lica Portuguesa","publisher":{"@id":"https:\/\/aliancaevangelica.pt\/site\/#organization"},"potentialAction":[{"@type":"SearchAction","target":{"@type":"EntryPoint","urlTemplate":"https:\/\/aliancaevangelica.pt\/site\/?s={search_term_string}"},"query-input":{"@type":"PropertyValueSpecification","valueRequired":true,"valueName":"search_term_string"}}],"inLanguage":"pt-PT"},{"@type":"Organization","@id":"https:\/\/aliancaevangelica.pt\/site\/#organization","name":"Alian\u00e7a Evang\u00e9lica Portuguesa","url":"https:\/\/aliancaevangelica.pt\/site\/","logo":{"@type":"ImageObject","inLanguage":"pt-PT","@id":"https:\/\/aliancaevangelica.pt\/site\/#\/schema\/logo\/image\/","url":"https:\/\/aliancaevangelica.pt\/site\/wp-content\/uploads\/2017\/11\/logo-AEP-cor.png","contentUrl":"https:\/\/aliancaevangelica.pt\/site\/wp-content\/uploads\/2017\/11\/logo-AEP-cor.png","width":1156,"height":672,"caption":"Alian\u00e7a Evang\u00e9lica Portuguesa"},"image":{"@id":"https:\/\/aliancaevangelica.pt\/site\/#\/schema\/logo\/image\/"},"sameAs":["http:\/\/facebook.com\/aeportuguesa","http:\/\/instagram.com\/aliancaep","http:\/\/youtube.com\/aeportuguesa"]}]}},"uagb_featured_image_src":{"full":false,"thumbnail":false,"medium":false,"medium_large":false,"large":false,"1536x1536":false,"2048x2048":false,"vp_sm":false,"vp_md":false,"vp_lg":false,"vp_xl":false,"vp_sm_popup":false,"vp_md_popup":false,"vp_xl_popup":false,"newsx-150x100":false,"newsx-330x220":false,"newsx-420x280":false,"newsx-510x340":false,"newsx-640x480":false,"newsx-670x370":false,"newsx-860x570":false,"newsx-1000x750":false,"newsx-1200x600":false},"uagb_author_info":{"display_name":"AEP","author_link":"https:\/\/aliancaevangelica.pt\/site\/author\/wpadmaep\/"},"uagb_comment_info":0,"uagb_excerpt":"&#8220;Ora, o Deus da paci\u00eancia e da consola\u00e7\u00e3o vos conceda o mesmo sentir de uns para com os outros, segundo Cristo Jesus, para que concordemente e a uma voz glorifiqueis","_links":{"self":[{"href":"https:\/\/aliancaevangelica.pt\/site\/wp-json\/wp\/v2\/pages\/23065","targetHints":{"allow":["GET"]}}],"collection":[{"href":"https:\/\/aliancaevangelica.pt\/site\/wp-json\/wp\/v2\/pages"}],"about":[{"href":"https:\/\/aliancaevangelica.pt\/site\/wp-json\/wp\/v2\/types\/page"}],"author":[{"embeddable":true,"href":"https:\/\/aliancaevangelica.pt\/site\/wp-json\/wp\/v2\/users\/3"}],"replies":[{"embeddable":true,"href":"https:\/\/aliancaevangelica.pt\/site\/wp-json\/wp\/v2\/comments?post=23065"}],"version-history":[{"count":24,"href":"https:\/\/aliancaevangelica.pt\/site\/wp-json\/wp\/v2\/pages\/23065\/revisions"}],"predecessor-version":[{"id":23124,"href":"https:\/\/aliancaevangelica.pt\/site\/wp-json\/wp\/v2\/pages\/23065\/revisions\/23124"}],"wp:attachment":[{"href":"https:\/\/aliancaevangelica.pt\/site\/wp-json\/wp\/v2\/media?parent=23065"}],"curies":[{"name":"wp","href":"https:\/\/api.w.org\/{rel}","templated":true}]}}