{"id":19310,"date":"2021-11-03T16:12:20","date_gmt":"2021-11-03T16:12:20","guid":{"rendered":"https:\/\/aliancaevangelica.pt\/site\/?page_id=19310"},"modified":"2021-11-09T16:02:46","modified_gmt":"2021-11-09T16:02:46","slug":"rev-joaquim-dos-santos-figueiredo-1919-1925","status":"publish","type":"page","link":"https:\/\/aliancaevangelica.pt\/site\/rev-joaquim-dos-santos-figueiredo-1919-1925\/","title":{"rendered":"Rev. Joaquim dos Santos Figueiredo 1919-1925"},"content":{"rendered":"\n<figure class=\"wp-block-image size-large\"><img loading=\"lazy\" decoding=\"async\" width=\"724\" height=\"1024\" src=\"https:\/\/aliancaevangelica.pt\/site\/wp-content\/uploads\/2021\/11\/Apresentac\u0327a\u0303o-1-724x1024.jpg\" alt=\"\" class=\"wp-image-19259\" srcset=\"https:\/\/aliancaevangelica.pt\/site\/wp-content\/uploads\/2021\/11\/Apresentac\u0327a\u0303o-1-724x1024.jpg 724w, https:\/\/aliancaevangelica.pt\/site\/wp-content\/uploads\/2021\/11\/Apresentac\u0327a\u0303o-1-212x300.jpg 212w, https:\/\/aliancaevangelica.pt\/site\/wp-content\/uploads\/2021\/11\/Apresentac\u0327a\u0303o-1-768x1086.jpg 768w, https:\/\/aliancaevangelica.pt\/site\/wp-content\/uploads\/2021\/11\/Apresentac\u0327a\u0303o-1.jpg 877w\" sizes=\"auto, (max-width: 724px) 100vw, 724px\" \/><\/figure>\n\n\n\n<p>Nasceu em Coimbra a 5 de janeiro de 1865, tendo nessa mesma cidade estudado no seu semin\u00e1rio diocesano, com vista \u00e0 carreira eclesi\u00e1stica. Lecionou no ensino particular enquanto aguardava a idade da ordena\u00e7\u00e3o ao presbit\u00e9rio cat\u00f3lico, sendo nesta \u00e9poca que tem o primeiro contacto com os evang\u00e9licos, na cidade do Porto. Mais tarde, viria a frequentar em Lisboa o Curso Superior de Letras, concluindo com \u00eaxito o exame de Grego. Ordenado em 1887, ao regressar a Coimbra foi nomeado coadjutor da igreja de Santa Cruz, onde se destacou como pregador. Consta que um colportor da Sociedade B\u00edblica, natural dos A\u00e7ores, aquando da sua estada em Coimbra, ofereceu uma B\u00edblia a um dos h\u00f3spedes do local em que se instalara, o qual n\u00e3o pretendendo ficar com a mesma a ofereceu \u00e0 dona da hospedaria; esta por sua vez acabaria por entreg\u00e1-la a Joaquim dos Santos Figueiredo para a queimar. N\u00e3o o tendo feito, o presb\u00edtero cat\u00f3lico passou a analis\u00e1-la no intuito de procurar as diferen\u00e7as de tradu\u00e7\u00e3o. Republicano convicto, os seus escritos na imprensa coimbr\u00e3 mereceram a censura do seu bispo que o convidou a retratar-se. Recusando a invetiva, despediu-se dos seus leitores, renunciado ao h\u00famus sacerdotal e abjurando do catolicismo romano, a 28 de fevereiro de 1892. No mesmo ano, regressou ao Porto na perspetiva de voltar a dedicar-se ao ensino; por\u00e9m, ao aderir aos metodistas, a 27 de mar\u00e7o tornou-se pastor assistente da \u00abIgreja do Mirante\u00bb. Em 1894 transferiu-se para Lisboa, onde ficou a colaborar na igreja presbiteriana, que se reunia ent\u00e3o no antigo convento dos Marianos. Tendo este edif\u00edcio sido vendido \u00e0 igreja lusitana quatro anos mais tarde, Santos Figueiredo, juntamente com outros membros da comunidade, acabaria por se integrar nesta igreja, tornando-se ministro na congrega\u00e7\u00e3o de S. Paulo, em dezembro de 1898. Em maio de 1905, foi pela primeira vez nomeado presidente do s\u00ednodo nacional da igreja a que pertencia. Em 1922 tornou-se o primeiro bispo eleito da igreja lusitana, embora nunca tenha sido sagrado como tal. Foi ainda diretor do Col\u00e9gio Evang\u00e9lico Lusitano durante 38 anos e o primeiro presidente da Alian\u00e7a Evang\u00e9lica Portuguesa, desde as suas primeiras reuni\u00f5es organizativas, em 1919, confirmado como tal na primeira sess\u00e3o plen\u00e1ria desta institui\u00e7\u00e3o, em 1921, tendo cessado estas fun\u00e7\u00f5es em 1925. Destacou-se no campo liter\u00e1rio, desde os tempos de presb\u00edtero cat\u00f3lico; mas foi j\u00e1 como pastor das igrejas metodista e presbiteriana que publicou sob o pseud\u00f3nimo de J. S. Pereira do Lago e, passando para a igreja lusitana, como P. L., desde 1911, e como Paulo Lutero ap\u00f3s 1922. Traduziu v\u00e1rias obras para a l\u00edngua portuguesa, destacando-se o <em>Dicion\u00e1rio B\u00edblico Universal<\/em>, de Buckland, e <em>Hist\u00f3ria, Doutrina e Interpreta\u00e7\u00e3o da B\u00edblia<\/em>, de Joseph Angus. Colaborou regularmente em \u00f3rg\u00e3os da imprensa evang\u00e9lica como <em>Portugal Novo<\/em>, <em>O Evangelista<\/em>, <em>O Bom Pastor<\/em>, <em>Luz e Verdade<\/em>, <em>Portugal Evang\u00e9lico<\/em>, sendo ainda diretor de <em>O Crist\u00e3o Lusitano<\/em>. Foi casado desde 20 de abril de 1896 com Lav\u00ednia Augusta de Lemos. Faleceu em Lisboa a 18 de agosto de 1937.<\/p>\n","protected":false},"excerpt":{"rendered":"<p>Nasceu em Coimbra a 5 de janeiro de 1865, tendo nessa mesma cidade estudado no seu semin\u00e1rio diocesano, com vista \u00e0 carreira eclesi\u00e1stica. Lecionou no ensino particular enquanto aguardava a idade da ordena\u00e7\u00e3o ao presbit\u00e9rio cat\u00f3lico, sendo nesta \u00e9poca que tem o primeiro contacto com os evang\u00e9licos, na cidade do Porto. Mais tarde, viria a<\/p>\n","protected":false},"author":2,"featured_media":0,"parent":0,"menu_order":0,"comment_status":"closed","ping_status":"closed","template":"","meta":{"_uag_custom_page_level_css":"","_themeisle_gutenberg_block_has_review":false,"_vp_format_video_url":"","_vp_image_focal_point":[],"footnotes":""},"class_list":["post-19310","page","type-page","status-publish","hentry"],"yoast_head":"<!-- This site is optimized with the Yoast SEO plugin v27.5 - https:\/\/yoast.com\/product\/yoast-seo-wordpress\/ -->\n<title>Rev. Joaquim dos Santos Figueiredo 1919-1925 - AEP<\/title>\n<meta name=\"robots\" content=\"index, follow, max-snippet:-1, max-image-preview:large, max-video-preview:-1\" \/>\n<link rel=\"canonical\" href=\"https:\/\/aliancaevangelica.pt\/site\/rev-joaquim-dos-santos-figueiredo-1919-1925\/\" \/>\n<meta property=\"og:locale\" content=\"pt_PT\" \/>\n<meta property=\"og:type\" content=\"article\" \/>\n<meta property=\"og:title\" content=\"Rev. Joaquim dos Santos Figueiredo 1919-1925 - AEP\" \/>\n<meta property=\"og:description\" content=\"Nasceu em Coimbra a 5 de janeiro de 1865, tendo nessa mesma cidade estudado no seu semin\u00e1rio diocesano, com vista \u00e0 carreira eclesi\u00e1stica. Lecionou no ensino particular enquanto aguardava a idade da ordena\u00e7\u00e3o ao presbit\u00e9rio cat\u00f3lico, sendo nesta \u00e9poca que tem o primeiro contacto com os evang\u00e9licos, na cidade do Porto. Mais tarde, viria a\" \/>\n<meta property=\"og:url\" content=\"https:\/\/aliancaevangelica.pt\/site\/rev-joaquim-dos-santos-figueiredo-1919-1925\/\" \/>\n<meta property=\"og:site_name\" content=\"AEP\" \/>\n<meta property=\"article:publisher\" content=\"http:\/\/facebook.com\/aeportuguesa\" \/>\n<meta property=\"article:modified_time\" content=\"2021-11-09T16:02:46+00:00\" \/>\n<meta name=\"twitter:card\" content=\"summary_large_image\" \/>\n<meta name=\"twitter:label1\" content=\"Tempo estimado de leitura\" \/>\n\t<meta name=\"twitter:data1\" content=\"3 minutos\" \/>\n<script type=\"application\/ld+json\" class=\"yoast-schema-graph\">{\"@context\":\"https:\\\/\\\/schema.org\",\"@graph\":[{\"@type\":\"WebPage\",\"@id\":\"https:\\\/\\\/aliancaevangelica.pt\\\/site\\\/rev-joaquim-dos-santos-figueiredo-1919-1925\\\/\",\"url\":\"https:\\\/\\\/aliancaevangelica.pt\\\/site\\\/rev-joaquim-dos-santos-figueiredo-1919-1925\\\/\",\"name\":\"Rev. Joaquim dos Santos Figueiredo 1919-1925 - AEP\",\"isPartOf\":{\"@id\":\"https:\\\/\\\/aliancaevangelica.pt\\\/site\\\/#website\"},\"datePublished\":\"2021-11-03T16:12:20+00:00\",\"dateModified\":\"2021-11-09T16:02:46+00:00\",\"breadcrumb\":{\"@id\":\"https:\\\/\\\/aliancaevangelica.pt\\\/site\\\/rev-joaquim-dos-santos-figueiredo-1919-1925\\\/#breadcrumb\"},\"inLanguage\":\"pt-PT\",\"potentialAction\":[{\"@type\":\"ReadAction\",\"target\":[\"https:\\\/\\\/aliancaevangelica.pt\\\/site\\\/rev-joaquim-dos-santos-figueiredo-1919-1925\\\/\"]}]},{\"@type\":\"BreadcrumbList\",\"@id\":\"https:\\\/\\\/aliancaevangelica.pt\\\/site\\\/rev-joaquim-dos-santos-figueiredo-1919-1925\\\/#breadcrumb\",\"itemListElement\":[{\"@type\":\"ListItem\",\"position\":1,\"name\":\"In\u00edcio\",\"item\":\"https:\\\/\\\/aliancaevangelica.pt\\\/site\\\/\"},{\"@type\":\"ListItem\",\"position\":2,\"name\":\"Rev. Joaquim dos Santos Figueiredo 1919-1925\"}]},{\"@type\":\"WebSite\",\"@id\":\"https:\\\/\\\/aliancaevangelica.pt\\\/site\\\/#website\",\"url\":\"https:\\\/\\\/aliancaevangelica.pt\\\/site\\\/\",\"name\":\"Alian\u00e7a Evang\u00e9lica Portuguesa\",\"description\":\"Alian\u00e7a Evang\u00e9lica Portuguesa\",\"publisher\":{\"@id\":\"https:\\\/\\\/aliancaevangelica.pt\\\/site\\\/#organization\"},\"potentialAction\":[{\"@type\":\"SearchAction\",\"target\":{\"@type\":\"EntryPoint\",\"urlTemplate\":\"https:\\\/\\\/aliancaevangelica.pt\\\/site\\\/?s={search_term_string}\"},\"query-input\":{\"@type\":\"PropertyValueSpecification\",\"valueRequired\":true,\"valueName\":\"search_term_string\"}}],\"inLanguage\":\"pt-PT\"},{\"@type\":\"Organization\",\"@id\":\"https:\\\/\\\/aliancaevangelica.pt\\\/site\\\/#organization\",\"name\":\"Alian\u00e7a Evang\u00e9lica Portuguesa\",\"url\":\"https:\\\/\\\/aliancaevangelica.pt\\\/site\\\/\",\"logo\":{\"@type\":\"ImageObject\",\"inLanguage\":\"pt-PT\",\"@id\":\"https:\\\/\\\/aliancaevangelica.pt\\\/site\\\/#\\\/schema\\\/logo\\\/image\\\/\",\"url\":\"https:\\\/\\\/aliancaevangelica.pt\\\/site\\\/wp-content\\\/uploads\\\/2017\\\/11\\\/logo-AEP-cor.png\",\"contentUrl\":\"https:\\\/\\\/aliancaevangelica.pt\\\/site\\\/wp-content\\\/uploads\\\/2017\\\/11\\\/logo-AEP-cor.png\",\"width\":1156,\"height\":672,\"caption\":\"Alian\u00e7a Evang\u00e9lica Portuguesa\"},\"image\":{\"@id\":\"https:\\\/\\\/aliancaevangelica.pt\\\/site\\\/#\\\/schema\\\/logo\\\/image\\\/\"},\"sameAs\":[\"http:\\\/\\\/facebook.com\\\/aeportuguesa\",\"http:\\\/\\\/instagram.com\\\/aliancaep\",\"http:\\\/\\\/youtube.com\\\/aeportuguesa\"]}]}<\/script>\n<!-- \/ Yoast SEO plugin. -->","yoast_head_json":{"title":"Rev. Joaquim dos Santos Figueiredo 1919-1925 - AEP","robots":{"index":"index","follow":"follow","max-snippet":"max-snippet:-1","max-image-preview":"max-image-preview:large","max-video-preview":"max-video-preview:-1"},"canonical":"https:\/\/aliancaevangelica.pt\/site\/rev-joaquim-dos-santos-figueiredo-1919-1925\/","og_locale":"pt_PT","og_type":"article","og_title":"Rev. Joaquim dos Santos Figueiredo 1919-1925 - AEP","og_description":"Nasceu em Coimbra a 5 de janeiro de 1865, tendo nessa mesma cidade estudado no seu semin\u00e1rio diocesano, com vista \u00e0 carreira eclesi\u00e1stica. Lecionou no ensino particular enquanto aguardava a idade da ordena\u00e7\u00e3o ao presbit\u00e9rio cat\u00f3lico, sendo nesta \u00e9poca que tem o primeiro contacto com os evang\u00e9licos, na cidade do Porto. Mais tarde, viria a","og_url":"https:\/\/aliancaevangelica.pt\/site\/rev-joaquim-dos-santos-figueiredo-1919-1925\/","og_site_name":"AEP","article_publisher":"http:\/\/facebook.com\/aeportuguesa","article_modified_time":"2021-11-09T16:02:46+00:00","twitter_card":"summary_large_image","twitter_misc":{"Tempo estimado de leitura":"3 minutos"},"schema":{"@context":"https:\/\/schema.org","@graph":[{"@type":"WebPage","@id":"https:\/\/aliancaevangelica.pt\/site\/rev-joaquim-dos-santos-figueiredo-1919-1925\/","url":"https:\/\/aliancaevangelica.pt\/site\/rev-joaquim-dos-santos-figueiredo-1919-1925\/","name":"Rev. Joaquim dos Santos Figueiredo 1919-1925 - AEP","isPartOf":{"@id":"https:\/\/aliancaevangelica.pt\/site\/#website"},"datePublished":"2021-11-03T16:12:20+00:00","dateModified":"2021-11-09T16:02:46+00:00","breadcrumb":{"@id":"https:\/\/aliancaevangelica.pt\/site\/rev-joaquim-dos-santos-figueiredo-1919-1925\/#breadcrumb"},"inLanguage":"pt-PT","potentialAction":[{"@type":"ReadAction","target":["https:\/\/aliancaevangelica.pt\/site\/rev-joaquim-dos-santos-figueiredo-1919-1925\/"]}]},{"@type":"BreadcrumbList","@id":"https:\/\/aliancaevangelica.pt\/site\/rev-joaquim-dos-santos-figueiredo-1919-1925\/#breadcrumb","itemListElement":[{"@type":"ListItem","position":1,"name":"In\u00edcio","item":"https:\/\/aliancaevangelica.pt\/site\/"},{"@type":"ListItem","position":2,"name":"Rev. Joaquim dos Santos Figueiredo 1919-1925"}]},{"@type":"WebSite","@id":"https:\/\/aliancaevangelica.pt\/site\/#website","url":"https:\/\/aliancaevangelica.pt\/site\/","name":"Alian\u00e7a Evang\u00e9lica Portuguesa","description":"Alian\u00e7a Evang\u00e9lica Portuguesa","publisher":{"@id":"https:\/\/aliancaevangelica.pt\/site\/#organization"},"potentialAction":[{"@type":"SearchAction","target":{"@type":"EntryPoint","urlTemplate":"https:\/\/aliancaevangelica.pt\/site\/?s={search_term_string}"},"query-input":{"@type":"PropertyValueSpecification","valueRequired":true,"valueName":"search_term_string"}}],"inLanguage":"pt-PT"},{"@type":"Organization","@id":"https:\/\/aliancaevangelica.pt\/site\/#organization","name":"Alian\u00e7a Evang\u00e9lica Portuguesa","url":"https:\/\/aliancaevangelica.pt\/site\/","logo":{"@type":"ImageObject","inLanguage":"pt-PT","@id":"https:\/\/aliancaevangelica.pt\/site\/#\/schema\/logo\/image\/","url":"https:\/\/aliancaevangelica.pt\/site\/wp-content\/uploads\/2017\/11\/logo-AEP-cor.png","contentUrl":"https:\/\/aliancaevangelica.pt\/site\/wp-content\/uploads\/2017\/11\/logo-AEP-cor.png","width":1156,"height":672,"caption":"Alian\u00e7a Evang\u00e9lica Portuguesa"},"image":{"@id":"https:\/\/aliancaevangelica.pt\/site\/#\/schema\/logo\/image\/"},"sameAs":["http:\/\/facebook.com\/aeportuguesa","http:\/\/instagram.com\/aliancaep","http:\/\/youtube.com\/aeportuguesa"]}]}},"uagb_featured_image_src":{"full":false,"thumbnail":false,"medium":false,"medium_large":false,"large":false,"1536x1536":false,"2048x2048":false,"vp_sm":false,"vp_md":false,"vp_lg":false,"vp_xl":false,"vp_sm_popup":false,"vp_md_popup":false,"vp_xl_popup":false,"newsx-150x100":false,"newsx-330x220":false,"newsx-420x280":false,"newsx-510x340":false,"newsx-640x480":false,"newsx-670x370":false,"newsx-860x570":false,"newsx-1000x750":false,"newsx-1200x600":false},"uagb_author_info":{"display_name":"AEP","author_link":"https:\/\/aliancaevangelica.pt\/site\/author\/aeportugal\/"},"uagb_comment_info":0,"uagb_excerpt":"Nasceu em Coimbra a 5 de janeiro de 1865, tendo nessa mesma cidade estudado no seu semin\u00e1rio diocesano, com vista \u00e0 carreira eclesi\u00e1stica. Lecionou no ensino particular enquanto aguardava a idade da ordena\u00e7\u00e3o ao presbit\u00e9rio cat\u00f3lico, sendo nesta \u00e9poca que tem o primeiro contacto com os evang\u00e9licos, na cidade do Porto. Mais tarde, viria a","_links":{"self":[{"href":"https:\/\/aliancaevangelica.pt\/site\/wp-json\/wp\/v2\/pages\/19310","targetHints":{"allow":["GET"]}}],"collection":[{"href":"https:\/\/aliancaevangelica.pt\/site\/wp-json\/wp\/v2\/pages"}],"about":[{"href":"https:\/\/aliancaevangelica.pt\/site\/wp-json\/wp\/v2\/types\/page"}],"author":[{"embeddable":true,"href":"https:\/\/aliancaevangelica.pt\/site\/wp-json\/wp\/v2\/users\/2"}],"replies":[{"embeddable":true,"href":"https:\/\/aliancaevangelica.pt\/site\/wp-json\/wp\/v2\/comments?post=19310"}],"version-history":[{"count":3,"href":"https:\/\/aliancaevangelica.pt\/site\/wp-json\/wp\/v2\/pages\/19310\/revisions"}],"predecessor-version":[{"id":19331,"href":"https:\/\/aliancaevangelica.pt\/site\/wp-json\/wp\/v2\/pages\/19310\/revisions\/19331"}],"wp:attachment":[{"href":"https:\/\/aliancaevangelica.pt\/site\/wp-json\/wp\/v2\/media?parent=19310"}],"curies":[{"name":"wp","href":"https:\/\/api.w.org\/{rel}","templated":true}]}}