{"id":19307,"date":"2021-11-03T16:09:52","date_gmt":"2021-11-03T16:09:52","guid":{"rendered":"https:\/\/aliancaevangelica.pt\/site\/?page_id=19307"},"modified":"2021-11-09T16:00:52","modified_gmt":"2021-11-09T16:00:52","slug":"rev-eduardo-henriques-moreira-1925-1948","status":"publish","type":"page","link":"https:\/\/aliancaevangelica.pt\/site\/rev-eduardo-henriques-moreira-1925-1948\/","title":{"rendered":"Rev. Eduardo Henriques Moreira 1925-1948"},"content":{"rendered":"\n<figure class=\"wp-block-image size-large\"><img loading=\"lazy\" decoding=\"async\" width=\"724\" height=\"1024\" src=\"https:\/\/aliancaevangelica.pt\/site\/wp-content\/uploads\/2021\/11\/Apresentac\u0327a\u0303o-2-724x1024.jpg\" alt=\"\" class=\"wp-image-19260\" srcset=\"https:\/\/aliancaevangelica.pt\/site\/wp-content\/uploads\/2021\/11\/Apresentac\u0327a\u0303o-2-724x1024.jpg 724w, https:\/\/aliancaevangelica.pt\/site\/wp-content\/uploads\/2021\/11\/Apresentac\u0327a\u0303o-2-212x300.jpg 212w, https:\/\/aliancaevangelica.pt\/site\/wp-content\/uploads\/2021\/11\/Apresentac\u0327a\u0303o-2-768x1086.jpg 768w, https:\/\/aliancaevangelica.pt\/site\/wp-content\/uploads\/2021\/11\/Apresentac\u0327a\u0303o-2.jpg 877w\" sizes=\"auto, (max-width: 724px) 100vw, 724px\" \/><\/figure>\n\n\n\n<p class=\"has-text-align-center\">Foi a 26 de fevereiro de 1886 que nasceu em Lisboa. Ficou \u00f3rf\u00e3o, primeiro do pai, Jos\u00e9 Henriques Moreira, com apenas 9 anos, e em 1897 morreu tamb\u00e9m a sua m\u00e3e, Maria do Carmo. A partir desta fat\u00eddica data, passou a ser acompanhado por familiares em diferentes localidades, designadamente Arraiolos, onde concluiu o ensino prim\u00e1rio, passando tamb\u00e9m pelo Cadaval, at\u00e9 regressar a Lisboa. Moreira, que desde a sua inf\u00e2ncia tinha frequentado a congrega\u00e7\u00e3o lusitana de S. Pedro, em Lisboa, acompanhando sua m\u00e3e, trabalhou ent\u00e3o no com\u00e9rcio de 1905 a 1915 sob a orienta\u00e7\u00e3o do su\u00ed\u00e7o J\u00falio Mange, dirigente da Igreja Presbiteriana de Lisboa. Para al\u00e9m da s\u00f3lida instru\u00e7\u00e3o normal, frequentou aulas noturnas no Ateneu Comercial e no Instituto Real de Lisboa, onde teve como professores Rosa Machado, Damasceno Nunes, Rosa Belo, entre outros. Aprendeu grego e, com Erasmo Braga, seu patrono intelectual, adquiriu alguns conhecimentos de hebraico. Mais tarde foi s\u00f3cio correspondente do prestigiado Instituto de Coimbra, que juntava a mais fina escol de lentes da velha universidade, tendo tamb\u00e9m colaborado com a Sociedade Portuguesa de Estudos Hist\u00f3ricos. Demonstrou desde muito cedo apet\u00eancia para a prega\u00e7\u00e3o, que praticou regularmente desde os 16 anos; manteve tamb\u00e9m boas rela\u00e7\u00f5es com todas as denomina\u00e7\u00f5es evang\u00e9licas na capital. Em 1912 assumiu o primeiro pastorado, em Braga, onde ajudou nos primeiros passos da igreja congregacional naquela cidade; serviu ainda nas comunidades congregacionais em Oliveira de Azem\u00e9is, Rossio ao Sul do Tejo e Ponte de Sor. Republicano empenhado, quando regressou a Lisboa iniciou uma intensa atividade p\u00fablica e pol\u00edtica, chegando a ser assessor do ministro do Trabalho, em 1917, chefe de gabinete do presidente do minist\u00e9rio e ministro do Interior, em 1920, e vice-presidente do Senado do munic\u00edpio de Lisboa, entre 1921 e 1922, do qual j\u00e1 era vereador desde 1919. Em 1917 foi nomeado pelo ministro da Guerra Norton de Matos como o primeiro capel\u00e3o militar evang\u00e9lico, a fim de acompanhar as tropas do Corpo Expedicion\u00e1ria Portugu\u00eas na Flandres, mas nunca chegou a partir para o local de conflito. Abandonando a milit\u00e2ncia pol\u00edtica e a sua participa\u00e7\u00e3o na ma\u00e7onaria, dedicou-se em exclusivo \u00e0 causa crist\u00e3, passando a ser secret\u00e1rio-geral da Associa\u00e7\u00e3o Crist\u00e3 da Mocidade do Porto, em 1922. Ao longo das d\u00e9cadas seguintes seria sucessivamente pastor presbiteriano, entre 1926 e 1939, de novo pastor congregacional e tamb\u00e9m presidente da Uni\u00e3o das Igrejas Congregacionais Portuguesas, de 1940 a 1945, e finalmente presb\u00edtero e c\u00f3nego da igreja lusitana, desde 1948 at\u00e9 ao seu falecimento. Durante v\u00e1rias d\u00e9cadas exerceu a doc\u00eancia no Semin\u00e1rio Evang\u00e9lico de Teologia, em Carcavelos. Foi o mais duradouro presidente da Alian\u00e7a Evang\u00e9lica Portuguesa, exercendo o cargo por quase 25 anos. Em 1936 fundou e dirigiu o Centro de Coopera\u00e7\u00e3o Crist\u00e3, para al\u00e9m de representar em Portugal organiza\u00e7\u00f5es crist\u00e3s internacionais como a <em>United Society for Christian Literature for Africa<\/em>, <em>World Dominion Movement<\/em> e <em>World\u2019s Sunday School Association<\/em>, mantendo liga\u00e7\u00e3o a todas as entidades do universo protestante nacional. Est\u00e1 ainda entre os fundadores do movimento escotista portugu\u00eas, tendo mesmo sido um dos dirigentes da Associa\u00e7\u00e3o de Escoteiros de Portugal. Foi o mais prol\u00edfico e erudito escritor protestante portugu\u00eas de sempre, legando milhares de textos publicados, que v\u00e3o desde a sua colabora\u00e7\u00e3o com praticamente todos os \u00f3rg\u00e3os de imprensa protestante, mas tamb\u00e9m da imprensa generalista, at\u00e9 \u00e0s suas obras de maior desenvolvimento, designadamente <em>Cris\u00f3stomo Portugu\u00eas<\/em>, de 1957, e <em>Vidas Convergentes<\/em>, de 1958. Casou com Laura Ferreira d\u2019Almeida em 1907, de quem teve dois filhos e uma filha, e ap\u00f3s enviuvar em 1937, em segundas n\u00fapcias com Laura Castro, em 1942. Faleceu em Carcavelos a 24 de abril de 1980.<\/p>\n","protected":false},"excerpt":{"rendered":"<p>Foi a 26 de fevereiro de 1886 que nasceu em Lisboa. Ficou \u00f3rf\u00e3o, primeiro do pai, Jos\u00e9 Henriques Moreira, com apenas 9 anos, e em 1897 morreu tamb\u00e9m a sua m\u00e3e, Maria do Carmo. A partir desta fat\u00eddica data, passou a ser acompanhado por familiares em diferentes localidades, designadamente Arraiolos, onde concluiu o ensino prim\u00e1rio,<\/p>\n","protected":false},"author":2,"featured_media":0,"parent":0,"menu_order":0,"comment_status":"closed","ping_status":"closed","template":"","meta":{"_uag_custom_page_level_css":"","_themeisle_gutenberg_block_has_review":false,"_vp_format_video_url":"","_vp_image_focal_point":[],"footnotes":""},"class_list":["post-19307","page","type-page","status-publish","hentry"],"yoast_head":"<!-- This site is optimized with the Yoast SEO plugin v27.5 - https:\/\/yoast.com\/product\/yoast-seo-wordpress\/ -->\n<title>Rev. Eduardo Henriques Moreira 1925-1948 - AEP<\/title>\n<meta name=\"robots\" content=\"index, follow, max-snippet:-1, max-image-preview:large, max-video-preview:-1\" \/>\n<link rel=\"canonical\" href=\"https:\/\/aliancaevangelica.pt\/site\/rev-eduardo-henriques-moreira-1925-1948\/\" \/>\n<meta property=\"og:locale\" content=\"pt_PT\" \/>\n<meta property=\"og:type\" content=\"article\" \/>\n<meta property=\"og:title\" content=\"Rev. Eduardo Henriques Moreira 1925-1948 - AEP\" \/>\n<meta property=\"og:description\" content=\"Foi a 26 de fevereiro de 1886 que nasceu em Lisboa. Ficou \u00f3rf\u00e3o, primeiro do pai, Jos\u00e9 Henriques Moreira, com apenas 9 anos, e em 1897 morreu tamb\u00e9m a sua m\u00e3e, Maria do Carmo. A partir desta fat\u00eddica data, passou a ser acompanhado por familiares em diferentes localidades, designadamente Arraiolos, onde concluiu o ensino prim\u00e1rio,\" \/>\n<meta property=\"og:url\" content=\"https:\/\/aliancaevangelica.pt\/site\/rev-eduardo-henriques-moreira-1925-1948\/\" \/>\n<meta property=\"og:site_name\" content=\"AEP\" \/>\n<meta property=\"article:publisher\" content=\"http:\/\/facebook.com\/aeportuguesa\" \/>\n<meta property=\"article:modified_time\" content=\"2021-11-09T16:00:52+00:00\" \/>\n<meta name=\"twitter:card\" content=\"summary_large_image\" \/>\n<meta name=\"twitter:label1\" content=\"Tempo estimado de leitura\" \/>\n\t<meta name=\"twitter:data1\" content=\"3 minutos\" \/>\n<script type=\"application\/ld+json\" class=\"yoast-schema-graph\">{\"@context\":\"https:\\\/\\\/schema.org\",\"@graph\":[{\"@type\":\"WebPage\",\"@id\":\"https:\\\/\\\/aliancaevangelica.pt\\\/site\\\/rev-eduardo-henriques-moreira-1925-1948\\\/\",\"url\":\"https:\\\/\\\/aliancaevangelica.pt\\\/site\\\/rev-eduardo-henriques-moreira-1925-1948\\\/\",\"name\":\"Rev. Eduardo Henriques Moreira 1925-1948 - AEP\",\"isPartOf\":{\"@id\":\"https:\\\/\\\/aliancaevangelica.pt\\\/site\\\/#website\"},\"datePublished\":\"2021-11-03T16:09:52+00:00\",\"dateModified\":\"2021-11-09T16:00:52+00:00\",\"breadcrumb\":{\"@id\":\"https:\\\/\\\/aliancaevangelica.pt\\\/site\\\/rev-eduardo-henriques-moreira-1925-1948\\\/#breadcrumb\"},\"inLanguage\":\"pt-PT\",\"potentialAction\":[{\"@type\":\"ReadAction\",\"target\":[\"https:\\\/\\\/aliancaevangelica.pt\\\/site\\\/rev-eduardo-henriques-moreira-1925-1948\\\/\"]}]},{\"@type\":\"BreadcrumbList\",\"@id\":\"https:\\\/\\\/aliancaevangelica.pt\\\/site\\\/rev-eduardo-henriques-moreira-1925-1948\\\/#breadcrumb\",\"itemListElement\":[{\"@type\":\"ListItem\",\"position\":1,\"name\":\"In\u00edcio\",\"item\":\"https:\\\/\\\/aliancaevangelica.pt\\\/site\\\/\"},{\"@type\":\"ListItem\",\"position\":2,\"name\":\"Rev. Eduardo Henriques Moreira 1925-1948\"}]},{\"@type\":\"WebSite\",\"@id\":\"https:\\\/\\\/aliancaevangelica.pt\\\/site\\\/#website\",\"url\":\"https:\\\/\\\/aliancaevangelica.pt\\\/site\\\/\",\"name\":\"Alian\u00e7a Evang\u00e9lica Portuguesa\",\"description\":\"Alian\u00e7a Evang\u00e9lica Portuguesa\",\"publisher\":{\"@id\":\"https:\\\/\\\/aliancaevangelica.pt\\\/site\\\/#organization\"},\"potentialAction\":[{\"@type\":\"SearchAction\",\"target\":{\"@type\":\"EntryPoint\",\"urlTemplate\":\"https:\\\/\\\/aliancaevangelica.pt\\\/site\\\/?s={search_term_string}\"},\"query-input\":{\"@type\":\"PropertyValueSpecification\",\"valueRequired\":true,\"valueName\":\"search_term_string\"}}],\"inLanguage\":\"pt-PT\"},{\"@type\":\"Organization\",\"@id\":\"https:\\\/\\\/aliancaevangelica.pt\\\/site\\\/#organization\",\"name\":\"Alian\u00e7a Evang\u00e9lica Portuguesa\",\"url\":\"https:\\\/\\\/aliancaevangelica.pt\\\/site\\\/\",\"logo\":{\"@type\":\"ImageObject\",\"inLanguage\":\"pt-PT\",\"@id\":\"https:\\\/\\\/aliancaevangelica.pt\\\/site\\\/#\\\/schema\\\/logo\\\/image\\\/\",\"url\":\"https:\\\/\\\/aliancaevangelica.pt\\\/site\\\/wp-content\\\/uploads\\\/2017\\\/11\\\/logo-AEP-cor.png\",\"contentUrl\":\"https:\\\/\\\/aliancaevangelica.pt\\\/site\\\/wp-content\\\/uploads\\\/2017\\\/11\\\/logo-AEP-cor.png\",\"width\":1156,\"height\":672,\"caption\":\"Alian\u00e7a Evang\u00e9lica Portuguesa\"},\"image\":{\"@id\":\"https:\\\/\\\/aliancaevangelica.pt\\\/site\\\/#\\\/schema\\\/logo\\\/image\\\/\"},\"sameAs\":[\"http:\\\/\\\/facebook.com\\\/aeportuguesa\",\"http:\\\/\\\/instagram.com\\\/aliancaep\",\"http:\\\/\\\/youtube.com\\\/aeportuguesa\"]}]}<\/script>\n<!-- \/ Yoast SEO plugin. -->","yoast_head_json":{"title":"Rev. Eduardo Henriques Moreira 1925-1948 - AEP","robots":{"index":"index","follow":"follow","max-snippet":"max-snippet:-1","max-image-preview":"max-image-preview:large","max-video-preview":"max-video-preview:-1"},"canonical":"https:\/\/aliancaevangelica.pt\/site\/rev-eduardo-henriques-moreira-1925-1948\/","og_locale":"pt_PT","og_type":"article","og_title":"Rev. Eduardo Henriques Moreira 1925-1948 - AEP","og_description":"Foi a 26 de fevereiro de 1886 que nasceu em Lisboa. Ficou \u00f3rf\u00e3o, primeiro do pai, Jos\u00e9 Henriques Moreira, com apenas 9 anos, e em 1897 morreu tamb\u00e9m a sua m\u00e3e, Maria do Carmo. A partir desta fat\u00eddica data, passou a ser acompanhado por familiares em diferentes localidades, designadamente Arraiolos, onde concluiu o ensino prim\u00e1rio,","og_url":"https:\/\/aliancaevangelica.pt\/site\/rev-eduardo-henriques-moreira-1925-1948\/","og_site_name":"AEP","article_publisher":"http:\/\/facebook.com\/aeportuguesa","article_modified_time":"2021-11-09T16:00:52+00:00","twitter_card":"summary_large_image","twitter_misc":{"Tempo estimado de leitura":"3 minutos"},"schema":{"@context":"https:\/\/schema.org","@graph":[{"@type":"WebPage","@id":"https:\/\/aliancaevangelica.pt\/site\/rev-eduardo-henriques-moreira-1925-1948\/","url":"https:\/\/aliancaevangelica.pt\/site\/rev-eduardo-henriques-moreira-1925-1948\/","name":"Rev. Eduardo Henriques Moreira 1925-1948 - AEP","isPartOf":{"@id":"https:\/\/aliancaevangelica.pt\/site\/#website"},"datePublished":"2021-11-03T16:09:52+00:00","dateModified":"2021-11-09T16:00:52+00:00","breadcrumb":{"@id":"https:\/\/aliancaevangelica.pt\/site\/rev-eduardo-henriques-moreira-1925-1948\/#breadcrumb"},"inLanguage":"pt-PT","potentialAction":[{"@type":"ReadAction","target":["https:\/\/aliancaevangelica.pt\/site\/rev-eduardo-henriques-moreira-1925-1948\/"]}]},{"@type":"BreadcrumbList","@id":"https:\/\/aliancaevangelica.pt\/site\/rev-eduardo-henriques-moreira-1925-1948\/#breadcrumb","itemListElement":[{"@type":"ListItem","position":1,"name":"In\u00edcio","item":"https:\/\/aliancaevangelica.pt\/site\/"},{"@type":"ListItem","position":2,"name":"Rev. Eduardo Henriques Moreira 1925-1948"}]},{"@type":"WebSite","@id":"https:\/\/aliancaevangelica.pt\/site\/#website","url":"https:\/\/aliancaevangelica.pt\/site\/","name":"Alian\u00e7a Evang\u00e9lica Portuguesa","description":"Alian\u00e7a Evang\u00e9lica Portuguesa","publisher":{"@id":"https:\/\/aliancaevangelica.pt\/site\/#organization"},"potentialAction":[{"@type":"SearchAction","target":{"@type":"EntryPoint","urlTemplate":"https:\/\/aliancaevangelica.pt\/site\/?s={search_term_string}"},"query-input":{"@type":"PropertyValueSpecification","valueRequired":true,"valueName":"search_term_string"}}],"inLanguage":"pt-PT"},{"@type":"Organization","@id":"https:\/\/aliancaevangelica.pt\/site\/#organization","name":"Alian\u00e7a Evang\u00e9lica Portuguesa","url":"https:\/\/aliancaevangelica.pt\/site\/","logo":{"@type":"ImageObject","inLanguage":"pt-PT","@id":"https:\/\/aliancaevangelica.pt\/site\/#\/schema\/logo\/image\/","url":"https:\/\/aliancaevangelica.pt\/site\/wp-content\/uploads\/2017\/11\/logo-AEP-cor.png","contentUrl":"https:\/\/aliancaevangelica.pt\/site\/wp-content\/uploads\/2017\/11\/logo-AEP-cor.png","width":1156,"height":672,"caption":"Alian\u00e7a Evang\u00e9lica Portuguesa"},"image":{"@id":"https:\/\/aliancaevangelica.pt\/site\/#\/schema\/logo\/image\/"},"sameAs":["http:\/\/facebook.com\/aeportuguesa","http:\/\/instagram.com\/aliancaep","http:\/\/youtube.com\/aeportuguesa"]}]}},"uagb_featured_image_src":{"full":false,"thumbnail":false,"medium":false,"medium_large":false,"large":false,"1536x1536":false,"2048x2048":false,"vp_sm":false,"vp_md":false,"vp_lg":false,"vp_xl":false,"vp_sm_popup":false,"vp_md_popup":false,"vp_xl_popup":false,"newsx-150x100":false,"newsx-330x220":false,"newsx-420x280":false,"newsx-510x340":false,"newsx-640x480":false,"newsx-670x370":false,"newsx-860x570":false,"newsx-1000x750":false,"newsx-1200x600":false},"uagb_author_info":{"display_name":"AEP","author_link":"https:\/\/aliancaevangelica.pt\/site\/author\/aeportugal\/"},"uagb_comment_info":0,"uagb_excerpt":"Foi a 26 de fevereiro de 1886 que nasceu em Lisboa. Ficou \u00f3rf\u00e3o, primeiro do pai, Jos\u00e9 Henriques Moreira, com apenas 9 anos, e em 1897 morreu tamb\u00e9m a sua m\u00e3e, Maria do Carmo. A partir desta fat\u00eddica data, passou a ser acompanhado por familiares em diferentes localidades, designadamente Arraiolos, onde concluiu o ensino prim\u00e1rio,","_links":{"self":[{"href":"https:\/\/aliancaevangelica.pt\/site\/wp-json\/wp\/v2\/pages\/19307","targetHints":{"allow":["GET"]}}],"collection":[{"href":"https:\/\/aliancaevangelica.pt\/site\/wp-json\/wp\/v2\/pages"}],"about":[{"href":"https:\/\/aliancaevangelica.pt\/site\/wp-json\/wp\/v2\/types\/page"}],"author":[{"embeddable":true,"href":"https:\/\/aliancaevangelica.pt\/site\/wp-json\/wp\/v2\/users\/2"}],"replies":[{"embeddable":true,"href":"https:\/\/aliancaevangelica.pt\/site\/wp-json\/wp\/v2\/comments?post=19307"}],"version-history":[{"count":5,"href":"https:\/\/aliancaevangelica.pt\/site\/wp-json\/wp\/v2\/pages\/19307\/revisions"}],"predecessor-version":[{"id":19330,"href":"https:\/\/aliancaevangelica.pt\/site\/wp-json\/wp\/v2\/pages\/19307\/revisions\/19330"}],"wp:attachment":[{"href":"https:\/\/aliancaevangelica.pt\/site\/wp-json\/wp\/v2\/media?parent=19307"}],"curies":[{"name":"wp","href":"https:\/\/api.w.org\/{rel}","templated":true}]}}