{"id":19301,"date":"2021-11-03T16:05:06","date_gmt":"2021-11-03T16:05:06","guid":{"rendered":"https:\/\/aliancaevangelica.pt\/site\/?page_id=19301"},"modified":"2026-04-10T01:45:10","modified_gmt":"2026-04-10T01:45:10","slug":"pr-guido-valdemar-de-oliveira-1955-1967","status":"publish","type":"page","link":"https:\/\/aliancaevangelica.pt\/site\/pr-guido-valdemar-de-oliveira-1955-1967\/","title":{"rendered":"Pr. Guido Valdemar de Oliveira 1955-1967"},"content":{"rendered":"\n<figure class=\"wp-block-image size-large\"><img loading=\"lazy\" decoding=\"async\" width=\"724\" height=\"1024\" src=\"https:\/\/aliancaevangelica.pt\/site\/wp-content\/uploads\/2021\/11\/Apresentac\u0327a\u0303o-4-724x1024.jpg\" alt=\"\" class=\"wp-image-19262\" srcset=\"https:\/\/aliancaevangelica.pt\/site\/wp-content\/uploads\/2021\/11\/Apresentac\u0327a\u0303o-4-724x1024.jpg 724w, https:\/\/aliancaevangelica.pt\/site\/wp-content\/uploads\/2021\/11\/Apresentac\u0327a\u0303o-4-212x300.jpg 212w, https:\/\/aliancaevangelica.pt\/site\/wp-content\/uploads\/2021\/11\/Apresentac\u0327a\u0303o-4-768x1086.jpg 768w, https:\/\/aliancaevangelica.pt\/site\/wp-content\/uploads\/2021\/11\/Apresentac\u0327a\u0303o-4.jpg 877w\" sizes=\"auto, (max-width: 724px) 100vw, 724px\" \/><\/figure>\n\n\n\n<p>De seu nome completo Guido Waldemar Marreca Pery de Linde Abreu Oliveira nasceu em Lisboa a 18 de julho de 1902, sendo filho de Eduardo J. Abreu Oliveira, que chegou a capit\u00e3o de fragata da marinha, e de Clotilde Alice Marreca Pery de Linde, descendente de nobres e antigas fam\u00edlias com origens flamengas presentes em Portugal desde o s\u00e9culo XVI. Com s\u00f3lida forma\u00e7\u00e3o acad\u00e9mica, conhecedor de diversas l\u00ednguas estrangeiras, desenvolveu atividade profissional no setor banc\u00e1rio desde cerca de 1919, designadamente no Banco Colonial e Agr\u00edcola Portugu\u00eas. Ainda muito jovem, converteu-se \u00e0 f\u00e9 evang\u00e9lica, passando a integrar a partir de 17 de agosto de 1921, a assembleia dos irm\u00e3os que se reunia na travessa de Santa Catarina, em Lisboa, fundada em 1907 por Charles e Mary Swan, previamente mission\u00e1rios em Angola que chegaram a Portugal em 1904, para o que contaram com a ajuda de Robert MacGregor. Com o falecimento de Swan, a 30 de novembro de 1934, Oliveira assumiu a principal responsabilidade na congrega\u00e7\u00e3o do Bairro Alto, embora mantendo a sua atividade profissional. Em abril de 1935 viria a enfrentar aquele que provavelmente foi o maior desafio da sua vida, ao deixar o seu emprego para se tornar o agente em Portugal da Sociedade B\u00edblica, em substitui\u00e7\u00e3o do veterano Robert Moreton. A experi\u00eancia n\u00e3o seria bem sucedida pois, provavelmente fruto dos intensos anos de trabalho precedentes, Oliveira acabou por ser acometido de um esgotamento nervoso, n\u00e3o lhe sendo reconhecidas capacidades para continuar a exercer a fun\u00e7\u00e3o para que tinha sido contratado. Assim, ao fim de apenas seis meses, aquele que havia sido o primeiro agente de nacionalidade portuguesa da Sociedade B\u00edblica em mais de sete d\u00e9cadas, viria a dar lugar novamente a um estrangeiro, embora j\u00e1 bem conhecido em Portugal, o mission\u00e1rio su\u00ed\u00e7o Paul Valon. Guido Waldemar Oliveira retomaria depois a sua atividade profissional, nunca tendo deixado de assumir as mais diferentes responsabilidades no contexto evang\u00e9lico nacional, no \u00e2mbito da prega\u00e7\u00e3o, da escrita e edi\u00e7\u00e3o de literatura evang\u00e9lica, da dinamiza\u00e7\u00e3o do trabalho juvenil \u2013 sendo a\u00ed conhecido como \u00abtio Guido\u00bb \u2013 e em muitas outras val\u00eancias. De 1931 at\u00e9 1949 foi, juntamente com Jos\u00e9 Il\u00eddio Freire, o grande dinamizador da Conven\u00e7\u00e3o do Carrascal, em Sintra. Entre 1940 e 1948 esteve ativamente envolvido nas iniciativas da Juventude Evang\u00e9lica Portuguesa, na regi\u00e3o de Lisboa, tendo dirigido tamb\u00e9m a Miss\u00e3o Filafricana em Angola. Em 1956 integrou a Comiss\u00e3o Evang\u00e9lica de R\u00e1dio que tinha por objetivo ajudar os que procuravam difundir o Evangelho atrav\u00e9s da r\u00e1dio em Portugal. No dom\u00ednio da escrita colaborou regularmente com diversas publica\u00e7\u00f5es peri\u00f3dicas, protestantes e outras, entre os quais o jornal <em>Correio Evang\u00e9lico<\/em>, dedicado inicialmente aos funcion\u00e1rios dos CTT, que dirigiu a partir de 1951, <em>Semeador Baptista<\/em>, <em>Portugal d\u2019Aqu\u00e9m e d\u2019Al\u00e9m Mar<\/em>, mas tamb\u00e9m com a prepara\u00e7\u00e3o de publica\u00e7\u00f5es para a Sociedade B\u00edblica como <em>A B\u00edblia: o Livro dos Livros<\/em> (1952), <em>A B\u00edblia: sua composi\u00e7\u00e3o e divis\u00e3o<\/em> (1955), <em>A B\u00edblia: sua hist\u00f3ria e mensagem<\/em> (1956), para al\u00e9m de ter sido o respons\u00e1vel pela revis\u00e3o ortogr\u00e1fica e gramatical da tradu\u00e7\u00e3o b\u00edblica de Jo\u00e3o Ferreira de Almeida. A partir de 1955 assumiu a presid\u00eancia da Alian\u00e7a Evang\u00e9lica Portuguesa, em substitui\u00e7\u00e3o de Paulo Irwin Torres, responsabilidade em que permaneceria at\u00e9 \u00e0 data do seu falecimento. Foi casado com Flora Nu\u00f1ez Marques Cardoso desde o in\u00edcio dos anos 1920, de quem teve tr\u00eas filhos. Faleceu em Lisboa a 6 de junho de 1967.<\/p>\n","protected":false},"excerpt":{"rendered":"<p>De seu nome completo Guido Waldemar Marreca Pery de Linde Abreu Oliveira nasceu em Lisboa a 18 de julho de 1902, sendo filho de Eduardo J. Abreu Oliveira, que chegou a capit\u00e3o de fragata da marinha, e de Clotilde Alice Marreca Pery de Linde, descendente de nobres e antigas fam\u00edlias com origens flamengas presentes em<\/p>\n","protected":false},"author":2,"featured_media":0,"parent":0,"menu_order":0,"comment_status":"closed","ping_status":"closed","template":"","meta":{"_uag_custom_page_level_css":"","_themeisle_gutenberg_block_has_review":false,"_vp_format_video_url":"","_vp_image_focal_point":[],"footnotes":""},"class_list":["post-19301","page","type-page","status-publish","hentry"],"yoast_head":"<!-- This site is optimized with the Yoast SEO plugin v27.5 - https:\/\/yoast.com\/product\/yoast-seo-wordpress\/ -->\n<title>Pr. Guido Valdemar de Oliveira 1955-1967 - AEP<\/title>\n<meta name=\"robots\" content=\"index, follow, max-snippet:-1, max-image-preview:large, max-video-preview:-1\" \/>\n<link rel=\"canonical\" href=\"https:\/\/aliancaevangelica.pt\/site\/pr-guido-valdemar-de-oliveira-1955-1967\/\" \/>\n<meta property=\"og:locale\" content=\"pt_PT\" \/>\n<meta property=\"og:type\" content=\"article\" \/>\n<meta property=\"og:title\" content=\"Pr. Guido Valdemar de Oliveira 1955-1967 - AEP\" \/>\n<meta property=\"og:description\" content=\"De seu nome completo Guido Waldemar Marreca Pery de Linde Abreu Oliveira nasceu em Lisboa a 18 de julho de 1902, sendo filho de Eduardo J. Abreu Oliveira, que chegou a capit\u00e3o de fragata da marinha, e de Clotilde Alice Marreca Pery de Linde, descendente de nobres e antigas fam\u00edlias com origens flamengas presentes em\" \/>\n<meta property=\"og:url\" content=\"https:\/\/aliancaevangelica.pt\/site\/pr-guido-valdemar-de-oliveira-1955-1967\/\" \/>\n<meta property=\"og:site_name\" content=\"AEP\" \/>\n<meta property=\"article:publisher\" content=\"http:\/\/facebook.com\/aeportuguesa\" \/>\n<meta property=\"article:modified_time\" content=\"2026-04-10T01:45:10+00:00\" \/>\n<meta name=\"twitter:card\" content=\"summary_large_image\" \/>\n<meta name=\"twitter:label1\" content=\"Tempo estimado de leitura\" \/>\n\t<meta name=\"twitter:data1\" content=\"4 minutos\" \/>\n<script type=\"application\/ld+json\" class=\"yoast-schema-graph\">{\"@context\":\"https:\\\/\\\/schema.org\",\"@graph\":[{\"@type\":\"WebPage\",\"@id\":\"https:\\\/\\\/aliancaevangelica.pt\\\/site\\\/pr-guido-valdemar-de-oliveira-1955-1967\\\/\",\"url\":\"https:\\\/\\\/aliancaevangelica.pt\\\/site\\\/pr-guido-valdemar-de-oliveira-1955-1967\\\/\",\"name\":\"Pr. Guido Valdemar de Oliveira 1955-1967 - AEP\",\"isPartOf\":{\"@id\":\"https:\\\/\\\/aliancaevangelica.pt\\\/site\\\/#website\"},\"datePublished\":\"2021-11-03T16:05:06+00:00\",\"dateModified\":\"2026-04-10T01:45:10+00:00\",\"breadcrumb\":{\"@id\":\"https:\\\/\\\/aliancaevangelica.pt\\\/site\\\/pr-guido-valdemar-de-oliveira-1955-1967\\\/#breadcrumb\"},\"inLanguage\":\"pt-PT\",\"potentialAction\":[{\"@type\":\"ReadAction\",\"target\":[\"https:\\\/\\\/aliancaevangelica.pt\\\/site\\\/pr-guido-valdemar-de-oliveira-1955-1967\\\/\"]}]},{\"@type\":\"BreadcrumbList\",\"@id\":\"https:\\\/\\\/aliancaevangelica.pt\\\/site\\\/pr-guido-valdemar-de-oliveira-1955-1967\\\/#breadcrumb\",\"itemListElement\":[{\"@type\":\"ListItem\",\"position\":1,\"name\":\"In\u00edcio\",\"item\":\"https:\\\/\\\/aliancaevangelica.pt\\\/site\\\/\"},{\"@type\":\"ListItem\",\"position\":2,\"name\":\"Pr. Guido Valdemar de Oliveira 1955-1967\"}]},{\"@type\":\"WebSite\",\"@id\":\"https:\\\/\\\/aliancaevangelica.pt\\\/site\\\/#website\",\"url\":\"https:\\\/\\\/aliancaevangelica.pt\\\/site\\\/\",\"name\":\"Alian\u00e7a Evang\u00e9lica Portuguesa\",\"description\":\"Alian\u00e7a Evang\u00e9lica Portuguesa\",\"publisher\":{\"@id\":\"https:\\\/\\\/aliancaevangelica.pt\\\/site\\\/#organization\"},\"potentialAction\":[{\"@type\":\"SearchAction\",\"target\":{\"@type\":\"EntryPoint\",\"urlTemplate\":\"https:\\\/\\\/aliancaevangelica.pt\\\/site\\\/?s={search_term_string}\"},\"query-input\":{\"@type\":\"PropertyValueSpecification\",\"valueRequired\":true,\"valueName\":\"search_term_string\"}}],\"inLanguage\":\"pt-PT\"},{\"@type\":\"Organization\",\"@id\":\"https:\\\/\\\/aliancaevangelica.pt\\\/site\\\/#organization\",\"name\":\"Alian\u00e7a Evang\u00e9lica Portuguesa\",\"url\":\"https:\\\/\\\/aliancaevangelica.pt\\\/site\\\/\",\"logo\":{\"@type\":\"ImageObject\",\"inLanguage\":\"pt-PT\",\"@id\":\"https:\\\/\\\/aliancaevangelica.pt\\\/site\\\/#\\\/schema\\\/logo\\\/image\\\/\",\"url\":\"https:\\\/\\\/aliancaevangelica.pt\\\/site\\\/wp-content\\\/uploads\\\/2017\\\/11\\\/logo-AEP-cor.png\",\"contentUrl\":\"https:\\\/\\\/aliancaevangelica.pt\\\/site\\\/wp-content\\\/uploads\\\/2017\\\/11\\\/logo-AEP-cor.png\",\"width\":1156,\"height\":672,\"caption\":\"Alian\u00e7a Evang\u00e9lica Portuguesa\"},\"image\":{\"@id\":\"https:\\\/\\\/aliancaevangelica.pt\\\/site\\\/#\\\/schema\\\/logo\\\/image\\\/\"},\"sameAs\":[\"http:\\\/\\\/facebook.com\\\/aeportuguesa\",\"http:\\\/\\\/instagram.com\\\/aliancaep\",\"http:\\\/\\\/youtube.com\\\/aeportuguesa\"]}]}<\/script>\n<!-- \/ Yoast SEO plugin. -->","yoast_head_json":{"title":"Pr. Guido Valdemar de Oliveira 1955-1967 - AEP","robots":{"index":"index","follow":"follow","max-snippet":"max-snippet:-1","max-image-preview":"max-image-preview:large","max-video-preview":"max-video-preview:-1"},"canonical":"https:\/\/aliancaevangelica.pt\/site\/pr-guido-valdemar-de-oliveira-1955-1967\/","og_locale":"pt_PT","og_type":"article","og_title":"Pr. Guido Valdemar de Oliveira 1955-1967 - AEP","og_description":"De seu nome completo Guido Waldemar Marreca Pery de Linde Abreu Oliveira nasceu em Lisboa a 18 de julho de 1902, sendo filho de Eduardo J. Abreu Oliveira, que chegou a capit\u00e3o de fragata da marinha, e de Clotilde Alice Marreca Pery de Linde, descendente de nobres e antigas fam\u00edlias com origens flamengas presentes em","og_url":"https:\/\/aliancaevangelica.pt\/site\/pr-guido-valdemar-de-oliveira-1955-1967\/","og_site_name":"AEP","article_publisher":"http:\/\/facebook.com\/aeportuguesa","article_modified_time":"2026-04-10T01:45:10+00:00","twitter_card":"summary_large_image","twitter_misc":{"Tempo estimado de leitura":"4 minutos"},"schema":{"@context":"https:\/\/schema.org","@graph":[{"@type":"WebPage","@id":"https:\/\/aliancaevangelica.pt\/site\/pr-guido-valdemar-de-oliveira-1955-1967\/","url":"https:\/\/aliancaevangelica.pt\/site\/pr-guido-valdemar-de-oliveira-1955-1967\/","name":"Pr. Guido Valdemar de Oliveira 1955-1967 - AEP","isPartOf":{"@id":"https:\/\/aliancaevangelica.pt\/site\/#website"},"datePublished":"2021-11-03T16:05:06+00:00","dateModified":"2026-04-10T01:45:10+00:00","breadcrumb":{"@id":"https:\/\/aliancaevangelica.pt\/site\/pr-guido-valdemar-de-oliveira-1955-1967\/#breadcrumb"},"inLanguage":"pt-PT","potentialAction":[{"@type":"ReadAction","target":["https:\/\/aliancaevangelica.pt\/site\/pr-guido-valdemar-de-oliveira-1955-1967\/"]}]},{"@type":"BreadcrumbList","@id":"https:\/\/aliancaevangelica.pt\/site\/pr-guido-valdemar-de-oliveira-1955-1967\/#breadcrumb","itemListElement":[{"@type":"ListItem","position":1,"name":"In\u00edcio","item":"https:\/\/aliancaevangelica.pt\/site\/"},{"@type":"ListItem","position":2,"name":"Pr. Guido Valdemar de Oliveira 1955-1967"}]},{"@type":"WebSite","@id":"https:\/\/aliancaevangelica.pt\/site\/#website","url":"https:\/\/aliancaevangelica.pt\/site\/","name":"Alian\u00e7a Evang\u00e9lica Portuguesa","description":"Alian\u00e7a Evang\u00e9lica Portuguesa","publisher":{"@id":"https:\/\/aliancaevangelica.pt\/site\/#organization"},"potentialAction":[{"@type":"SearchAction","target":{"@type":"EntryPoint","urlTemplate":"https:\/\/aliancaevangelica.pt\/site\/?s={search_term_string}"},"query-input":{"@type":"PropertyValueSpecification","valueRequired":true,"valueName":"search_term_string"}}],"inLanguage":"pt-PT"},{"@type":"Organization","@id":"https:\/\/aliancaevangelica.pt\/site\/#organization","name":"Alian\u00e7a Evang\u00e9lica Portuguesa","url":"https:\/\/aliancaevangelica.pt\/site\/","logo":{"@type":"ImageObject","inLanguage":"pt-PT","@id":"https:\/\/aliancaevangelica.pt\/site\/#\/schema\/logo\/image\/","url":"https:\/\/aliancaevangelica.pt\/site\/wp-content\/uploads\/2017\/11\/logo-AEP-cor.png","contentUrl":"https:\/\/aliancaevangelica.pt\/site\/wp-content\/uploads\/2017\/11\/logo-AEP-cor.png","width":1156,"height":672,"caption":"Alian\u00e7a Evang\u00e9lica Portuguesa"},"image":{"@id":"https:\/\/aliancaevangelica.pt\/site\/#\/schema\/logo\/image\/"},"sameAs":["http:\/\/facebook.com\/aeportuguesa","http:\/\/instagram.com\/aliancaep","http:\/\/youtube.com\/aeportuguesa"]}]}},"uagb_featured_image_src":{"full":false,"thumbnail":false,"medium":false,"medium_large":false,"large":false,"1536x1536":false,"2048x2048":false,"vp_sm":false,"vp_md":false,"vp_lg":false,"vp_xl":false,"vp_sm_popup":false,"vp_md_popup":false,"vp_xl_popup":false,"newsx-150x100":false,"newsx-330x220":false,"newsx-420x280":false,"newsx-510x340":false,"newsx-640x480":false,"newsx-670x370":false,"newsx-860x570":false,"newsx-1000x750":false,"newsx-1200x600":false},"uagb_author_info":{"display_name":"AEP","author_link":"https:\/\/aliancaevangelica.pt\/site\/author\/aeportugal\/"},"uagb_comment_info":0,"uagb_excerpt":"De seu nome completo Guido Waldemar Marreca Pery de Linde Abreu Oliveira nasceu em Lisboa a 18 de julho de 1902, sendo filho de Eduardo J. Abreu Oliveira, que chegou a capit\u00e3o de fragata da marinha, e de Clotilde Alice Marreca Pery de Linde, descendente de nobres e antigas fam\u00edlias com origens flamengas presentes em","_links":{"self":[{"href":"https:\/\/aliancaevangelica.pt\/site\/wp-json\/wp\/v2\/pages\/19301","targetHints":{"allow":["GET"]}}],"collection":[{"href":"https:\/\/aliancaevangelica.pt\/site\/wp-json\/wp\/v2\/pages"}],"about":[{"href":"https:\/\/aliancaevangelica.pt\/site\/wp-json\/wp\/v2\/types\/page"}],"author":[{"embeddable":true,"href":"https:\/\/aliancaevangelica.pt\/site\/wp-json\/wp\/v2\/users\/2"}],"replies":[{"embeddable":true,"href":"https:\/\/aliancaevangelica.pt\/site\/wp-json\/wp\/v2\/comments?post=19301"}],"version-history":[{"count":5,"href":"https:\/\/aliancaevangelica.pt\/site\/wp-json\/wp\/v2\/pages\/19301\/revisions"}],"predecessor-version":[{"id":22923,"href":"https:\/\/aliancaevangelica.pt\/site\/wp-json\/wp\/v2\/pages\/19301\/revisions\/22923"}],"wp:attachment":[{"href":"https:\/\/aliancaevangelica.pt\/site\/wp-json\/wp\/v2\/media?parent=19301"}],"curies":[{"name":"wp","href":"https:\/\/api.w.org\/{rel}","templated":true}]}}