{"id":19298,"date":"2021-11-03T16:02:13","date_gmt":"2021-11-03T16:02:13","guid":{"rendered":"https:\/\/aliancaevangelica.pt\/site\/?page_id=19298"},"modified":"2021-11-09T15:34:23","modified_gmt":"2021-11-09T15:34:23","slug":"rev-augusto-almeida-esperanca-1967-1972","status":"publish","type":"page","link":"https:\/\/aliancaevangelica.pt\/site\/rev-augusto-almeida-esperanca-1967-1972\/","title":{"rendered":"Rev. Augusto Almeida Esperan\u00e7a 1967-1972"},"content":{"rendered":"\n<figure class=\"wp-block-image size-large\"><img loading=\"lazy\" decoding=\"async\" width=\"724\" height=\"1024\" src=\"https:\/\/aliancaevangelica.pt\/site\/wp-content\/uploads\/2021\/11\/Apresentac\u0327a\u0303o-5-724x1024.jpg\" alt=\"\" class=\"wp-image-19263\" srcset=\"https:\/\/aliancaevangelica.pt\/site\/wp-content\/uploads\/2021\/11\/Apresentac\u0327a\u0303o-5-724x1024.jpg 724w, https:\/\/aliancaevangelica.pt\/site\/wp-content\/uploads\/2021\/11\/Apresentac\u0327a\u0303o-5-212x300.jpg 212w, https:\/\/aliancaevangelica.pt\/site\/wp-content\/uploads\/2021\/11\/Apresentac\u0327a\u0303o-5-768x1086.jpg 768w, https:\/\/aliancaevangelica.pt\/site\/wp-content\/uploads\/2021\/11\/Apresentac\u0327a\u0303o-5.jpg 877w\" sizes=\"auto, (max-width: 724px) 100vw, 724px\" \/><\/figure>\n\n\n\n<p>Nasceu a 8 de fevereiro de 1928 em Pias, concelho de Serpa, mas cedo veio viver para Carrascal, Sintra, onde se converteu \u00e0 f\u00e9 protestante numa igreja dos irm\u00e3os. Depois de terminar o curso dos Liceus ingressou no Semin\u00e1rio Evang\u00e9lico de Teologia, em Carcavelos, onde estudou Teologia, estudos que veio a completar com a licenciatura na Faculdade de Teologia em Estrasburgo, Fran\u00e7a (1952-1953). Mais tarde, j\u00e1 pastor da Igreja Presbiteriana de Lisboa, Esperan\u00e7a fez uma p\u00f3s gradua\u00e7\u00e3o em Teologia, em Boston, EUA (1965-1966). Desde cedo, Esperan\u00e7a colocou a sua voca\u00e7\u00e3o ao servi\u00e7o da igreja: serviu de dezembro de 1950 at\u00e9 abril de 1951 na Igreja Metodista do Mirante, Porto, no quadro de uma solicita\u00e7\u00e3o feita pela Igreja Metodista Portuguesa \u00e0 Junta Presbiteriana de Coopera\u00e7\u00e3o, depois como evangelista na Igreja Evang\u00e9lica Figueirense, na Figueira da Foz, entre abril e outubro de 1951, e ainda na Igreja Presbiteriana do Salvador, no Montijo de outubro desse ano a setembro do ano seguinte. Ordenado pastor a 29 de outubro de 1952, durante o primeiro s\u00ednodo da Igreja Evang\u00e9lica Presbiteriana Portuguesa (IEPP), viria a servir na Igreja Evang\u00e9lica Ajudense, em Lisboa (agosto a outubro de 1953) e na ilha de S. Miguel, A\u00e7ores (outubro de 1953 a julho de 1956), onde foi muito apreciado e bem sucedido no seu minist\u00e9rio pastoral. Regressado dos A\u00e7ores, passou a ser o respons\u00e1vel pela igreja presbiteriana na Figueira da Foz (setembro de 1956 a setembro de 1960). Eleito moderador do S\u00ednodo da IEPP em 1959, Esperan\u00e7a \u00e9 colocado na Igreja Presbiteriana de Lisboa, em Campo de Ourique, onde fica at\u00e9 1969, desenvolvendo ali um trabalho pastoral e evangel\u00edstico not\u00e1vel. De igual modo administrou a Cl\u00ednica de S\u00e3o Lucas, em Lisboa, um equipamento de sa\u00fade, e dirigiu e escreveu para a publica\u00e7\u00e3o <em>Voz da Reforma<\/em>, ambas as iniciativas tamb\u00e9m ligadas \u00e0 IEPP. Foi ainda presidente da Alian\u00e7a Evang\u00e9lica Portuguesa, de 1967 a 1972, ap\u00f3s o falecimento s\u00fabito de Guido Waldemar de Oliveira, tendo nessa qualidade promovido uma importante campanha de evangeliza\u00e7\u00e3o no Pavilh\u00e3o dos Desportos (atual Pavilh\u00e3o Carlos Lopes), em Lisboa, e outras iniciativas de grande alcance. Em 1969 foi nomeado agente da Sociedade B\u00edblica Brit\u00e2nica e Estrangeira em Portugal, a qual, sob a sua dire\u00e7\u00e3o, se transformou em Sociedade B\u00edblica de Portugal, da qual se aposentou em setembro de 1997, ap\u00f3s um assinal\u00e1vel incremento no trabalho multisecular desta organiza\u00e7\u00e3o em Portugal. Neste \u00e2mbito, iniciou e dirigiu a primeira tradu\u00e7\u00e3o b\u00edblica interconfessional em l\u00edngua portuguesa, <em>A Boa Nova para Toda a Gente<\/em>, que foi conclu\u00edda ap\u00f3s um trabalho coletivo de mais de 20 anos. Durante quase trinta anos, foi tamb\u00e9m representante do trabalho de diaconia que a <em>Entraide Protestante de l\u2019\u00c9glise Reform\u00e9 Suisse<\/em> manteve em Portugal atrav\u00e9s da IEPP, e que beneficiou milhares de crian\u00e7as. Foi ainda o vice-presidente da Comiss\u00e3o Executiva da IEPP entre 1996 e 2002. Com Fel\u00edcia Fiandor Santos, com quem casou, teve dois filhos, um deles desaparecido precocemente. Faleceu em Lisboa a 5 de agosto de 2018.<\/p>\n","protected":false},"excerpt":{"rendered":"<p>Nasceu a 8 de fevereiro de 1928 em Pias, concelho de Serpa, mas cedo veio viver para Carrascal, Sintra, onde se converteu \u00e0 f\u00e9 protestante numa igreja dos irm\u00e3os. Depois de terminar o curso dos Liceus ingressou no Semin\u00e1rio Evang\u00e9lico de Teologia, em Carcavelos, onde estudou Teologia, estudos que veio a completar com a licenciatura<\/p>\n","protected":false},"author":2,"featured_media":0,"parent":0,"menu_order":0,"comment_status":"closed","ping_status":"closed","template":"","meta":{"_uag_custom_page_level_css":"","_themeisle_gutenberg_block_has_review":false,"_vp_format_video_url":"","_vp_image_focal_point":[],"footnotes":""},"class_list":["post-19298","page","type-page","status-publish","hentry"],"yoast_head":"<!-- This site is optimized with the Yoast SEO plugin v27.5 - https:\/\/yoast.com\/product\/yoast-seo-wordpress\/ -->\n<title>Rev. Augusto Almeida Esperan\u00e7a 1967-1972 - AEP<\/title>\n<meta name=\"robots\" content=\"index, follow, max-snippet:-1, max-image-preview:large, max-video-preview:-1\" \/>\n<link rel=\"canonical\" href=\"https:\/\/aliancaevangelica.pt\/site\/rev-augusto-almeida-esperanca-1967-1972\/\" \/>\n<meta property=\"og:locale\" content=\"pt_PT\" \/>\n<meta property=\"og:type\" content=\"article\" \/>\n<meta property=\"og:title\" content=\"Rev. Augusto Almeida Esperan\u00e7a 1967-1972 - AEP\" \/>\n<meta property=\"og:description\" content=\"Nasceu a 8 de fevereiro de 1928 em Pias, concelho de Serpa, mas cedo veio viver para Carrascal, Sintra, onde se converteu \u00e0 f\u00e9 protestante numa igreja dos irm\u00e3os. Depois de terminar o curso dos Liceus ingressou no Semin\u00e1rio Evang\u00e9lico de Teologia, em Carcavelos, onde estudou Teologia, estudos que veio a completar com a licenciatura\" \/>\n<meta property=\"og:url\" content=\"https:\/\/aliancaevangelica.pt\/site\/rev-augusto-almeida-esperanca-1967-1972\/\" \/>\n<meta property=\"og:site_name\" content=\"AEP\" \/>\n<meta property=\"article:publisher\" content=\"http:\/\/facebook.com\/aeportuguesa\" \/>\n<meta property=\"article:modified_time\" content=\"2021-11-09T15:34:23+00:00\" \/>\n<meta name=\"twitter:card\" content=\"summary_large_image\" \/>\n<meta name=\"twitter:label1\" content=\"Tempo estimado de leitura\" \/>\n\t<meta name=\"twitter:data1\" content=\"3 minutos\" \/>\n<script type=\"application\/ld+json\" class=\"yoast-schema-graph\">{\"@context\":\"https:\\\/\\\/schema.org\",\"@graph\":[{\"@type\":\"WebPage\",\"@id\":\"https:\\\/\\\/aliancaevangelica.pt\\\/site\\\/rev-augusto-almeida-esperanca-1967-1972\\\/\",\"url\":\"https:\\\/\\\/aliancaevangelica.pt\\\/site\\\/rev-augusto-almeida-esperanca-1967-1972\\\/\",\"name\":\"Rev. Augusto Almeida Esperan\u00e7a 1967-1972 - AEP\",\"isPartOf\":{\"@id\":\"https:\\\/\\\/aliancaevangelica.pt\\\/site\\\/#website\"},\"datePublished\":\"2021-11-03T16:02:13+00:00\",\"dateModified\":\"2021-11-09T15:34:23+00:00\",\"breadcrumb\":{\"@id\":\"https:\\\/\\\/aliancaevangelica.pt\\\/site\\\/rev-augusto-almeida-esperanca-1967-1972\\\/#breadcrumb\"},\"inLanguage\":\"pt-PT\",\"potentialAction\":[{\"@type\":\"ReadAction\",\"target\":[\"https:\\\/\\\/aliancaevangelica.pt\\\/site\\\/rev-augusto-almeida-esperanca-1967-1972\\\/\"]}]},{\"@type\":\"BreadcrumbList\",\"@id\":\"https:\\\/\\\/aliancaevangelica.pt\\\/site\\\/rev-augusto-almeida-esperanca-1967-1972\\\/#breadcrumb\",\"itemListElement\":[{\"@type\":\"ListItem\",\"position\":1,\"name\":\"In\u00edcio\",\"item\":\"https:\\\/\\\/aliancaevangelica.pt\\\/site\\\/\"},{\"@type\":\"ListItem\",\"position\":2,\"name\":\"Rev. Augusto Almeida Esperan\u00e7a 1967-1972\"}]},{\"@type\":\"WebSite\",\"@id\":\"https:\\\/\\\/aliancaevangelica.pt\\\/site\\\/#website\",\"url\":\"https:\\\/\\\/aliancaevangelica.pt\\\/site\\\/\",\"name\":\"Alian\u00e7a Evang\u00e9lica Portuguesa\",\"description\":\"Alian\u00e7a Evang\u00e9lica Portuguesa\",\"publisher\":{\"@id\":\"https:\\\/\\\/aliancaevangelica.pt\\\/site\\\/#organization\"},\"potentialAction\":[{\"@type\":\"SearchAction\",\"target\":{\"@type\":\"EntryPoint\",\"urlTemplate\":\"https:\\\/\\\/aliancaevangelica.pt\\\/site\\\/?s={search_term_string}\"},\"query-input\":{\"@type\":\"PropertyValueSpecification\",\"valueRequired\":true,\"valueName\":\"search_term_string\"}}],\"inLanguage\":\"pt-PT\"},{\"@type\":\"Organization\",\"@id\":\"https:\\\/\\\/aliancaevangelica.pt\\\/site\\\/#organization\",\"name\":\"Alian\u00e7a Evang\u00e9lica Portuguesa\",\"url\":\"https:\\\/\\\/aliancaevangelica.pt\\\/site\\\/\",\"logo\":{\"@type\":\"ImageObject\",\"inLanguage\":\"pt-PT\",\"@id\":\"https:\\\/\\\/aliancaevangelica.pt\\\/site\\\/#\\\/schema\\\/logo\\\/image\\\/\",\"url\":\"https:\\\/\\\/aliancaevangelica.pt\\\/site\\\/wp-content\\\/uploads\\\/2017\\\/11\\\/logo-AEP-cor.png\",\"contentUrl\":\"https:\\\/\\\/aliancaevangelica.pt\\\/site\\\/wp-content\\\/uploads\\\/2017\\\/11\\\/logo-AEP-cor.png\",\"width\":1156,\"height\":672,\"caption\":\"Alian\u00e7a Evang\u00e9lica Portuguesa\"},\"image\":{\"@id\":\"https:\\\/\\\/aliancaevangelica.pt\\\/site\\\/#\\\/schema\\\/logo\\\/image\\\/\"},\"sameAs\":[\"http:\\\/\\\/facebook.com\\\/aeportuguesa\",\"http:\\\/\\\/instagram.com\\\/aliancaep\",\"http:\\\/\\\/youtube.com\\\/aeportuguesa\"]}]}<\/script>\n<!-- \/ Yoast SEO plugin. -->","yoast_head_json":{"title":"Rev. Augusto Almeida Esperan\u00e7a 1967-1972 - AEP","robots":{"index":"index","follow":"follow","max-snippet":"max-snippet:-1","max-image-preview":"max-image-preview:large","max-video-preview":"max-video-preview:-1"},"canonical":"https:\/\/aliancaevangelica.pt\/site\/rev-augusto-almeida-esperanca-1967-1972\/","og_locale":"pt_PT","og_type":"article","og_title":"Rev. Augusto Almeida Esperan\u00e7a 1967-1972 - AEP","og_description":"Nasceu a 8 de fevereiro de 1928 em Pias, concelho de Serpa, mas cedo veio viver para Carrascal, Sintra, onde se converteu \u00e0 f\u00e9 protestante numa igreja dos irm\u00e3os. Depois de terminar o curso dos Liceus ingressou no Semin\u00e1rio Evang\u00e9lico de Teologia, em Carcavelos, onde estudou Teologia, estudos que veio a completar com a licenciatura","og_url":"https:\/\/aliancaevangelica.pt\/site\/rev-augusto-almeida-esperanca-1967-1972\/","og_site_name":"AEP","article_publisher":"http:\/\/facebook.com\/aeportuguesa","article_modified_time":"2021-11-09T15:34:23+00:00","twitter_card":"summary_large_image","twitter_misc":{"Tempo estimado de leitura":"3 minutos"},"schema":{"@context":"https:\/\/schema.org","@graph":[{"@type":"WebPage","@id":"https:\/\/aliancaevangelica.pt\/site\/rev-augusto-almeida-esperanca-1967-1972\/","url":"https:\/\/aliancaevangelica.pt\/site\/rev-augusto-almeida-esperanca-1967-1972\/","name":"Rev. Augusto Almeida Esperan\u00e7a 1967-1972 - AEP","isPartOf":{"@id":"https:\/\/aliancaevangelica.pt\/site\/#website"},"datePublished":"2021-11-03T16:02:13+00:00","dateModified":"2021-11-09T15:34:23+00:00","breadcrumb":{"@id":"https:\/\/aliancaevangelica.pt\/site\/rev-augusto-almeida-esperanca-1967-1972\/#breadcrumb"},"inLanguage":"pt-PT","potentialAction":[{"@type":"ReadAction","target":["https:\/\/aliancaevangelica.pt\/site\/rev-augusto-almeida-esperanca-1967-1972\/"]}]},{"@type":"BreadcrumbList","@id":"https:\/\/aliancaevangelica.pt\/site\/rev-augusto-almeida-esperanca-1967-1972\/#breadcrumb","itemListElement":[{"@type":"ListItem","position":1,"name":"In\u00edcio","item":"https:\/\/aliancaevangelica.pt\/site\/"},{"@type":"ListItem","position":2,"name":"Rev. Augusto Almeida Esperan\u00e7a 1967-1972"}]},{"@type":"WebSite","@id":"https:\/\/aliancaevangelica.pt\/site\/#website","url":"https:\/\/aliancaevangelica.pt\/site\/","name":"Alian\u00e7a Evang\u00e9lica Portuguesa","description":"Alian\u00e7a Evang\u00e9lica Portuguesa","publisher":{"@id":"https:\/\/aliancaevangelica.pt\/site\/#organization"},"potentialAction":[{"@type":"SearchAction","target":{"@type":"EntryPoint","urlTemplate":"https:\/\/aliancaevangelica.pt\/site\/?s={search_term_string}"},"query-input":{"@type":"PropertyValueSpecification","valueRequired":true,"valueName":"search_term_string"}}],"inLanguage":"pt-PT"},{"@type":"Organization","@id":"https:\/\/aliancaevangelica.pt\/site\/#organization","name":"Alian\u00e7a Evang\u00e9lica Portuguesa","url":"https:\/\/aliancaevangelica.pt\/site\/","logo":{"@type":"ImageObject","inLanguage":"pt-PT","@id":"https:\/\/aliancaevangelica.pt\/site\/#\/schema\/logo\/image\/","url":"https:\/\/aliancaevangelica.pt\/site\/wp-content\/uploads\/2017\/11\/logo-AEP-cor.png","contentUrl":"https:\/\/aliancaevangelica.pt\/site\/wp-content\/uploads\/2017\/11\/logo-AEP-cor.png","width":1156,"height":672,"caption":"Alian\u00e7a Evang\u00e9lica Portuguesa"},"image":{"@id":"https:\/\/aliancaevangelica.pt\/site\/#\/schema\/logo\/image\/"},"sameAs":["http:\/\/facebook.com\/aeportuguesa","http:\/\/instagram.com\/aliancaep","http:\/\/youtube.com\/aeportuguesa"]}]}},"uagb_featured_image_src":{"full":false,"thumbnail":false,"medium":false,"medium_large":false,"large":false,"1536x1536":false,"2048x2048":false,"vp_sm":false,"vp_md":false,"vp_lg":false,"vp_xl":false,"vp_sm_popup":false,"vp_md_popup":false,"vp_xl_popup":false,"newsx-150x100":false,"newsx-330x220":false,"newsx-420x280":false,"newsx-510x340":false,"newsx-640x480":false,"newsx-670x370":false,"newsx-860x570":false,"newsx-1000x750":false,"newsx-1200x600":false},"uagb_author_info":{"display_name":"AEP","author_link":"https:\/\/aliancaevangelica.pt\/site\/author\/aeportugal\/"},"uagb_comment_info":0,"uagb_excerpt":"Nasceu a 8 de fevereiro de 1928 em Pias, concelho de Serpa, mas cedo veio viver para Carrascal, Sintra, onde se converteu \u00e0 f\u00e9 protestante numa igreja dos irm\u00e3os. Depois de terminar o curso dos Liceus ingressou no Semin\u00e1rio Evang\u00e9lico de Teologia, em Carcavelos, onde estudou Teologia, estudos que veio a completar com a licenciatura","_links":{"self":[{"href":"https:\/\/aliancaevangelica.pt\/site\/wp-json\/wp\/v2\/pages\/19298","targetHints":{"allow":["GET"]}}],"collection":[{"href":"https:\/\/aliancaevangelica.pt\/site\/wp-json\/wp\/v2\/pages"}],"about":[{"href":"https:\/\/aliancaevangelica.pt\/site\/wp-json\/wp\/v2\/types\/page"}],"author":[{"embeddable":true,"href":"https:\/\/aliancaevangelica.pt\/site\/wp-json\/wp\/v2\/users\/2"}],"replies":[{"embeddable":true,"href":"https:\/\/aliancaevangelica.pt\/site\/wp-json\/wp\/v2\/comments?post=19298"}],"version-history":[{"count":3,"href":"https:\/\/aliancaevangelica.pt\/site\/wp-json\/wp\/v2\/pages\/19298\/revisions"}],"predecessor-version":[{"id":19323,"href":"https:\/\/aliancaevangelica.pt\/site\/wp-json\/wp\/v2\/pages\/19298\/revisions\/19323"}],"wp:attachment":[{"href":"https:\/\/aliancaevangelica.pt\/site\/wp-json\/wp\/v2\/media?parent=19298"}],"curies":[{"name":"wp","href":"https:\/\/api.w.org\/{rel}","templated":true}]}}