{"id":19272,"date":"2021-11-02T23:23:11","date_gmt":"2021-11-02T23:23:11","guid":{"rendered":"https:\/\/aliancaevangelica.pt\/site\/?page_id=19272"},"modified":"2021-11-09T15:12:07","modified_gmt":"2021-11-09T15:12:07","slug":"pr-jorge-humberto-nobre-2008-2015","status":"publish","type":"page","link":"https:\/\/aliancaevangelica.pt\/site\/pr-jorge-humberto-nobre-2008-2015\/","title":{"rendered":"Pr. Jorge Humberto Nobre 2008-2015"},"content":{"rendered":"\n<figure class=\"wp-block-image size-large\"><img loading=\"lazy\" decoding=\"async\" width=\"724\" height=\"1024\" src=\"https:\/\/aliancaevangelica.pt\/site\/wp-content\/uploads\/2021\/11\/Apresentac\u0327a\u0303o-11-724x1024.jpg\" alt=\"\" class=\"wp-image-19269\" srcset=\"https:\/\/aliancaevangelica.pt\/site\/wp-content\/uploads\/2021\/11\/Apresentac\u0327a\u0303o-11-724x1024.jpg 724w, https:\/\/aliancaevangelica.pt\/site\/wp-content\/uploads\/2021\/11\/Apresentac\u0327a\u0303o-11-212x300.jpg 212w, https:\/\/aliancaevangelica.pt\/site\/wp-content\/uploads\/2021\/11\/Apresentac\u0327a\u0303o-11-768x1086.jpg 768w, https:\/\/aliancaevangelica.pt\/site\/wp-content\/uploads\/2021\/11\/Apresentac\u0327a\u0303o-11.jpg 877w\" sizes=\"auto, (max-width: 724px) 100vw, 724px\" \/><\/figure>\n\n\n\n<p>Pastor da assembleia de Deus, presidente da AEP entre 2008 e 2015.<\/p>\n","protected":false},"excerpt":{"rendered":"<p>Pastor da assembleia de Deus, presidente da AEP entre 2008 e 2015.<\/p>\n","protected":false},"author":2,"featured_media":0,"parent":0,"menu_order":0,"comment_status":"closed","ping_status":"closed","template":"","meta":{"_uag_custom_page_level_css":"","_themeisle_gutenberg_block_has_review":false,"_vp_format_video_url":"","_vp_image_focal_point":[],"footnotes":""},"class_list":["post-19272","page","type-page","status-publish","hentry"],"yoast_head":"<!-- This site is optimized with the Yoast SEO plugin v27.5 - https:\/\/yoast.com\/product\/yoast-seo-wordpress\/ -->\n<title>Pr. Jorge Humberto Nobre 2008-2015 - AEP<\/title>\n<meta name=\"robots\" content=\"index, follow, max-snippet:-1, max-image-preview:large, max-video-preview:-1\" \/>\n<link rel=\"canonical\" href=\"https:\/\/aliancaevangelica.pt\/site\/pr-jorge-humberto-nobre-2008-2015\/\" \/>\n<meta property=\"og:locale\" content=\"pt_PT\" \/>\n<meta property=\"og:type\" content=\"article\" \/>\n<meta property=\"og:title\" content=\"Pr. Jorge Humberto Nobre 2008-2015 - AEP\" \/>\n<meta property=\"og:description\" content=\"Pastor da assembleia de Deus, presidente da AEP entre 2008 e 2015.\" \/>\n<meta property=\"og:url\" content=\"https:\/\/aliancaevangelica.pt\/site\/pr-jorge-humberto-nobre-2008-2015\/\" \/>\n<meta property=\"og:site_name\" content=\"AEP\" \/>\n<meta property=\"article:publisher\" content=\"http:\/\/facebook.com\/aeportuguesa\" \/>\n<meta property=\"article:modified_time\" content=\"2021-11-09T15:12:07+00:00\" \/>\n<meta name=\"twitter:card\" content=\"summary_large_image\" \/>\n<script type=\"application\/ld+json\" class=\"yoast-schema-graph\">{\"@context\":\"https:\\\/\\\/schema.org\",\"@graph\":[{\"@type\":\"WebPage\",\"@id\":\"https:\\\/\\\/aliancaevangelica.pt\\\/site\\\/pr-jorge-humberto-nobre-2008-2015\\\/\",\"url\":\"https:\\\/\\\/aliancaevangelica.pt\\\/site\\\/pr-jorge-humberto-nobre-2008-2015\\\/\",\"name\":\"Pr. Jorge Humberto Nobre 2008-2015 - AEP\",\"isPartOf\":{\"@id\":\"https:\\\/\\\/aliancaevangelica.pt\\\/site\\\/#website\"},\"datePublished\":\"2021-11-02T23:23:11+00:00\",\"dateModified\":\"2021-11-09T15:12:07+00:00\",\"breadcrumb\":{\"@id\":\"https:\\\/\\\/aliancaevangelica.pt\\\/site\\\/pr-jorge-humberto-nobre-2008-2015\\\/#breadcrumb\"},\"inLanguage\":\"pt-PT\",\"potentialAction\":[{\"@type\":\"ReadAction\",\"target\":[\"https:\\\/\\\/aliancaevangelica.pt\\\/site\\\/pr-jorge-humberto-nobre-2008-2015\\\/\"]}]},{\"@type\":\"BreadcrumbList\",\"@id\":\"https:\\\/\\\/aliancaevangelica.pt\\\/site\\\/pr-jorge-humberto-nobre-2008-2015\\\/#breadcrumb\",\"itemListElement\":[{\"@type\":\"ListItem\",\"position\":1,\"name\":\"In\u00edcio\",\"item\":\"https:\\\/\\\/aliancaevangelica.pt\\\/site\\\/\"},{\"@type\":\"ListItem\",\"position\":2,\"name\":\"Pr. Jorge Humberto Nobre 2008-2015\"}]},{\"@type\":\"WebSite\",\"@id\":\"https:\\\/\\\/aliancaevangelica.pt\\\/site\\\/#website\",\"url\":\"https:\\\/\\\/aliancaevangelica.pt\\\/site\\\/\",\"name\":\"Alian\u00e7a Evang\u00e9lica Portuguesa\",\"description\":\"Alian\u00e7a Evang\u00e9lica Portuguesa\",\"publisher\":{\"@id\":\"https:\\\/\\\/aliancaevangelica.pt\\\/site\\\/#organization\"},\"potentialAction\":[{\"@type\":\"SearchAction\",\"target\":{\"@type\":\"EntryPoint\",\"urlTemplate\":\"https:\\\/\\\/aliancaevangelica.pt\\\/site\\\/?s={search_term_string}\"},\"query-input\":{\"@type\":\"PropertyValueSpecification\",\"valueRequired\":true,\"valueName\":\"search_term_string\"}}],\"inLanguage\":\"pt-PT\"},{\"@type\":\"Organization\",\"@id\":\"https:\\\/\\\/aliancaevangelica.pt\\\/site\\\/#organization\",\"name\":\"Alian\u00e7a Evang\u00e9lica Portuguesa\",\"url\":\"https:\\\/\\\/aliancaevangelica.pt\\\/site\\\/\",\"logo\":{\"@type\":\"ImageObject\",\"inLanguage\":\"pt-PT\",\"@id\":\"https:\\\/\\\/aliancaevangelica.pt\\\/site\\\/#\\\/schema\\\/logo\\\/image\\\/\",\"url\":\"https:\\\/\\\/aliancaevangelica.pt\\\/site\\\/wp-content\\\/uploads\\\/2017\\\/11\\\/logo-AEP-cor.png\",\"contentUrl\":\"https:\\\/\\\/aliancaevangelica.pt\\\/site\\\/wp-content\\\/uploads\\\/2017\\\/11\\\/logo-AEP-cor.png\",\"width\":1156,\"height\":672,\"caption\":\"Alian\u00e7a Evang\u00e9lica Portuguesa\"},\"image\":{\"@id\":\"https:\\\/\\\/aliancaevangelica.pt\\\/site\\\/#\\\/schema\\\/logo\\\/image\\\/\"},\"sameAs\":[\"http:\\\/\\\/facebook.com\\\/aeportuguesa\",\"http:\\\/\\\/instagram.com\\\/aliancaep\",\"http:\\\/\\\/youtube.com\\\/aeportuguesa\"]}]}<\/script>\n<!-- \/ Yoast SEO plugin. -->","yoast_head_json":{"title":"Pr. Jorge Humberto Nobre 2008-2015 - AEP","robots":{"index":"index","follow":"follow","max-snippet":"max-snippet:-1","max-image-preview":"max-image-preview:large","max-video-preview":"max-video-preview:-1"},"canonical":"https:\/\/aliancaevangelica.pt\/site\/pr-jorge-humberto-nobre-2008-2015\/","og_locale":"pt_PT","og_type":"article","og_title":"Pr. Jorge Humberto Nobre 2008-2015 - AEP","og_description":"Pastor da assembleia de Deus, presidente da AEP entre 2008 e 2015.","og_url":"https:\/\/aliancaevangelica.pt\/site\/pr-jorge-humberto-nobre-2008-2015\/","og_site_name":"AEP","article_publisher":"http:\/\/facebook.com\/aeportuguesa","article_modified_time":"2021-11-09T15:12:07+00:00","twitter_card":"summary_large_image","schema":{"@context":"https:\/\/schema.org","@graph":[{"@type":"WebPage","@id":"https:\/\/aliancaevangelica.pt\/site\/pr-jorge-humberto-nobre-2008-2015\/","url":"https:\/\/aliancaevangelica.pt\/site\/pr-jorge-humberto-nobre-2008-2015\/","name":"Pr. Jorge Humberto Nobre 2008-2015 - AEP","isPartOf":{"@id":"https:\/\/aliancaevangelica.pt\/site\/#website"},"datePublished":"2021-11-02T23:23:11+00:00","dateModified":"2021-11-09T15:12:07+00:00","breadcrumb":{"@id":"https:\/\/aliancaevangelica.pt\/site\/pr-jorge-humberto-nobre-2008-2015\/#breadcrumb"},"inLanguage":"pt-PT","potentialAction":[{"@type":"ReadAction","target":["https:\/\/aliancaevangelica.pt\/site\/pr-jorge-humberto-nobre-2008-2015\/"]}]},{"@type":"BreadcrumbList","@id":"https:\/\/aliancaevangelica.pt\/site\/pr-jorge-humberto-nobre-2008-2015\/#breadcrumb","itemListElement":[{"@type":"ListItem","position":1,"name":"In\u00edcio","item":"https:\/\/aliancaevangelica.pt\/site\/"},{"@type":"ListItem","position":2,"name":"Pr. Jorge Humberto Nobre 2008-2015"}]},{"@type":"WebSite","@id":"https:\/\/aliancaevangelica.pt\/site\/#website","url":"https:\/\/aliancaevangelica.pt\/site\/","name":"Alian\u00e7a Evang\u00e9lica Portuguesa","description":"Alian\u00e7a Evang\u00e9lica Portuguesa","publisher":{"@id":"https:\/\/aliancaevangelica.pt\/site\/#organization"},"potentialAction":[{"@type":"SearchAction","target":{"@type":"EntryPoint","urlTemplate":"https:\/\/aliancaevangelica.pt\/site\/?s={search_term_string}"},"query-input":{"@type":"PropertyValueSpecification","valueRequired":true,"valueName":"search_term_string"}}],"inLanguage":"pt-PT"},{"@type":"Organization","@id":"https:\/\/aliancaevangelica.pt\/site\/#organization","name":"Alian\u00e7a Evang\u00e9lica Portuguesa","url":"https:\/\/aliancaevangelica.pt\/site\/","logo":{"@type":"ImageObject","inLanguage":"pt-PT","@id":"https:\/\/aliancaevangelica.pt\/site\/#\/schema\/logo\/image\/","url":"https:\/\/aliancaevangelica.pt\/site\/wp-content\/uploads\/2017\/11\/logo-AEP-cor.png","contentUrl":"https:\/\/aliancaevangelica.pt\/site\/wp-content\/uploads\/2017\/11\/logo-AEP-cor.png","width":1156,"height":672,"caption":"Alian\u00e7a Evang\u00e9lica Portuguesa"},"image":{"@id":"https:\/\/aliancaevangelica.pt\/site\/#\/schema\/logo\/image\/"},"sameAs":["http:\/\/facebook.com\/aeportuguesa","http:\/\/instagram.com\/aliancaep","http:\/\/youtube.com\/aeportuguesa"]}]}},"uagb_featured_image_src":{"full":false,"thumbnail":false,"medium":false,"medium_large":false,"large":false,"1536x1536":false,"2048x2048":false,"vp_sm":false,"vp_md":false,"vp_lg":false,"vp_xl":false,"vp_sm_popup":false,"vp_md_popup":false,"vp_xl_popup":false,"newsx-150x100":false,"newsx-330x220":false,"newsx-420x280":false,"newsx-510x340":false,"newsx-640x480":false,"newsx-670x370":false,"newsx-860x570":false,"newsx-1000x750":false,"newsx-1200x600":false},"uagb_author_info":{"display_name":"AEP","author_link":"https:\/\/aliancaevangelica.pt\/site\/author\/aeportugal\/"},"uagb_comment_info":0,"uagb_excerpt":"Pastor da assembleia de Deus, presidente da AEP entre 2008 e 2015.","_links":{"self":[{"href":"https:\/\/aliancaevangelica.pt\/site\/wp-json\/wp\/v2\/pages\/19272","targetHints":{"allow":["GET"]}}],"collection":[{"href":"https:\/\/aliancaevangelica.pt\/site\/wp-json\/wp\/v2\/pages"}],"about":[{"href":"https:\/\/aliancaevangelica.pt\/site\/wp-json\/wp\/v2\/types\/page"}],"author":[{"embeddable":true,"href":"https:\/\/aliancaevangelica.pt\/site\/wp-json\/wp\/v2\/users\/2"}],"replies":[{"embeddable":true,"href":"https:\/\/aliancaevangelica.pt\/site\/wp-json\/wp\/v2\/comments?post=19272"}],"version-history":[{"count":5,"href":"https:\/\/aliancaevangelica.pt\/site\/wp-json\/wp\/v2\/pages\/19272\/revisions"}],"predecessor-version":[{"id":19317,"href":"https:\/\/aliancaevangelica.pt\/site\/wp-json\/wp\/v2\/pages\/19272\/revisions\/19317"}],"wp:attachment":[{"href":"https:\/\/aliancaevangelica.pt\/site\/wp-json\/wp\/v2\/media?parent=19272"}],"curies":[{"name":"wp","href":"https:\/\/api.w.org\/{rel}","templated":true}]}}