{"id":18187,"date":"2020-04-24T18:37:45","date_gmt":"2020-04-24T18:37:45","guid":{"rendered":"https:\/\/aliancaevangelica.pt\/site\/?page_id=18187"},"modified":"2026-04-29T16:27:39","modified_gmt":"2026-04-29T16:27:39","slug":"material-de-divulgacao-comacep","status":"publish","type":"page","link":"https:\/\/aliancaevangelica.pt\/site\/material-de-divulgacao-comacep\/","title":{"rendered":"MATERIAL DE DIVULGA\u00c7\u00c3O COMACEP"},"content":{"rendered":"\n<h1 class=\"wp-block-heading has-text-align-center\">Para os alunos:<\/h1>\n\n\n\n<h2 class=\"wp-block-heading has-text-align-center\">Cartaz dirigido ao 1\u00baciclo<\/h2>\n\n\n\n<figure class=\"wp-block-image aligncenter\"><a href=\"https:\/\/drive.google.com\/file\/d\/1xnkb9TZzbCtdO16cvL0qWR2uwtHQ-SP5\/view?usp=sharing\" target=\"_blank\" rel=\"noreferrer noopener\"><img loading=\"lazy\" decoding=\"async\" width=\"213\" height=\"300\" src=\"https:\/\/aliancaevangelica.pt\/site\/wp-content\/uploads\/2020\/04\/Cartaz1ciclo-213x300.png\" alt=\"\" class=\"wp-image-18210\" srcset=\"https:\/\/aliancaevangelica.pt\/site\/wp-content\/uploads\/2020\/04\/Cartaz1ciclo-213x300.png 213w, https:\/\/aliancaevangelica.pt\/site\/wp-content\/uploads\/2020\/04\/Cartaz1ciclo-768x1080.png 768w, https:\/\/aliancaevangelica.pt\/site\/wp-content\/uploads\/2020\/04\/Cartaz1ciclo-728x1024.png 728w, https:\/\/aliancaevangelica.pt\/site\/wp-content\/uploads\/2020\/04\/Cartaz1ciclo.png 799w\" sizes=\"auto, (max-width: 213px) 100vw, 213px\" \/><\/a><\/figure>\n\n\n\n<p class=\"has-text-align-center\"><strong>clique na imagem<\/strong> para descarregar vers\u00e3o PDF<\/p>\n\n\n\n<h2 class=\"wp-block-heading has-text-align-center\">Cartaz dirigido ao 2\u00ba\/3\u00baciclo<\/h2>\n\n\n\n<figure class=\"wp-block-image aligncenter\"><a href=\"https:\/\/drive.google.com\/file\/d\/1HNc0Fj224Zr4j42X0gAJv05_thgZjfbO\/view?usp=sharing\" target=\"_blank\" rel=\"noreferrer noopener\"><img loading=\"lazy\" decoding=\"async\" width=\"215\" height=\"300\" src=\"https:\/\/aliancaevangelica.pt\/site\/wp-content\/uploads\/2020\/04\/cartaz2ciclo-215x300.png\" alt=\"\" class=\"wp-image-18212\" srcset=\"https:\/\/aliancaevangelica.pt\/site\/wp-content\/uploads\/2020\/04\/cartaz2ciclo-215x300.png 215w, https:\/\/aliancaevangelica.pt\/site\/wp-content\/uploads\/2020\/04\/cartaz2ciclo.png 650w\" sizes=\"auto, (max-width: 215px) 100vw, 215px\" \/><\/a><\/figure>\n\n\n\n<p class=\"has-text-align-center\"><strong>clique na imagem<\/strong> para descarregar vers\u00e3o PDF<\/p>\n\n\n\n<h2 class=\"wp-block-heading has-text-align-center\">Cartaz dirigido ao Secund\u00e1rio<\/h2>\n\n\n\n<figure class=\"wp-block-image aligncenter\"><a href=\"https:\/\/drive.google.com\/file\/d\/17D1cW5CGvBBXlKoTklor3vi0pnsa7tEI\/view?usp=sharing\" target=\"_blank\" rel=\"noreferrer noopener\"><img loading=\"lazy\" decoding=\"async\" width=\"215\" height=\"300\" src=\"https:\/\/aliancaevangelica.pt\/site\/wp-content\/uploads\/2020\/04\/cartazsecundario-215x300.png\" alt=\"\" class=\"wp-image-18213\" srcset=\"https:\/\/aliancaevangelica.pt\/site\/wp-content\/uploads\/2020\/04\/cartazsecundario-215x300.png 215w, https:\/\/aliancaevangelica.pt\/site\/wp-content\/uploads\/2020\/04\/cartazsecundario.png 651w\" sizes=\"auto, (max-width: 215px) 100vw, 215px\" \/><\/a><\/figure>\n\n\n\n<p class=\"has-text-align-center\"><strong>clique na imagem<\/strong> para descarregar vers\u00e3o PDF<\/p>\n\n\n\n<h1 class=\"wp-block-heading has-text-align-center\">Para os pais:&nbsp;<\/h1>\n\n\n\n<figure class=\"wp-block-image aligncenter\"><a href=\"https:\/\/drive.google.com\/file\/d\/1k6-mnXw0MSLuMx8uFYX8x_dsNXYS1qVH\/view?usp=sharing\" target=\"_blank\" rel=\"noreferrer noopener\"><img loading=\"lazy\" decoding=\"async\" width=\"216\" height=\"300\" src=\"https:\/\/aliancaevangelica.pt\/site\/wp-content\/uploads\/2020\/04\/cartazpais-216x300.png\" alt=\"\" class=\"wp-image-18216\" srcset=\"https:\/\/aliancaevangelica.pt\/site\/wp-content\/uploads\/2020\/04\/cartazpais-216x300.png 216w, https:\/\/aliancaevangelica.pt\/site\/wp-content\/uploads\/2020\/04\/cartazpais.png 655w\" sizes=\"auto, (max-width: 216px) 100vw, 216px\" \/><\/a><\/figure>\n\n\n\n<p class=\"has-text-align-center\"><strong>clique na imagem<\/strong> para descarregar vers\u00e3o PDF<\/p>\n\n\n\n<h1 class=\"wp-block-heading has-text-align-center\">V\u00eddeos para incentivar \u00e0 inscri\u00e7\u00e3o:<\/h1>\n\n\n\n<h2 class=\"wp-block-heading has-text-align-center\">Para alunos mais novos<\/h2>\n\n\n\n<figure class=\"wp-block-image aligncenter\"><a href=\"https:\/\/drive.google.com\/file\/d\/1dCSPex1x7WW1auOc3bNQpR560wD39kNp\/view?usp=sharing\" target=\"_blank\" rel=\"noreferrer noopener\"><img loading=\"lazy\" decoding=\"async\" width=\"300\" height=\"168\" src=\"https:\/\/aliancaevangelica.pt\/site\/wp-content\/uploads\/2020\/04\/video1ciclo-300x168.png\" alt=\"\" class=\"wp-image-18217\" srcset=\"https:\/\/aliancaevangelica.pt\/site\/wp-content\/uploads\/2020\/04\/video1ciclo-300x168.png 300w, https:\/\/aliancaevangelica.pt\/site\/wp-content\/uploads\/2020\/04\/video1ciclo-768x429.png 768w, https:\/\/aliancaevangelica.pt\/site\/wp-content\/uploads\/2020\/04\/video1ciclo.png 948w\" sizes=\"auto, (max-width: 300px) 100vw, 300px\" \/><\/a><\/figure>\n\n\n\n<p class=\"has-text-align-center\"><strong>clique na imagem<\/strong> para descarregar o v\u00eddeo<\/p>\n\n\n\n<h2 class=\"wp-block-heading has-text-align-center\">Para alunos de 3\u00ba\/ secund\u00e1rio<\/h2>\n\n\n\n<figure class=\"wp-block-image aligncenter\"><a href=\"https:\/\/drive.google.com\/file\/d\/1gx3wli7r_3c-Gm8qisl35wWyYxQ7vhbN\/view?usp=sharing\" target=\"_blank\" rel=\"noreferrer noopener\"><img loading=\"lazy\" decoding=\"async\" width=\"300\" height=\"168\" src=\"https:\/\/aliancaevangelica.pt\/site\/wp-content\/uploads\/2020\/04\/videosecundario-300x168.png\" alt=\"\" class=\"wp-image-18218\" srcset=\"https:\/\/aliancaevangelica.pt\/site\/wp-content\/uploads\/2020\/04\/videosecundario-300x168.png 300w, https:\/\/aliancaevangelica.pt\/site\/wp-content\/uploads\/2020\/04\/videosecundario-768x429.png 768w, https:\/\/aliancaevangelica.pt\/site\/wp-content\/uploads\/2020\/04\/videosecundario.png 945w\" sizes=\"auto, (max-width: 300px) 100vw, 300px\" \/><\/a><\/figure>\n\n\n\n<p class=\"has-text-align-center\"><strong>clique na imagem<\/strong> para descarregar o v\u00eddeo<\/p>\n\n\n\n<div style=\"height:100px\" aria-hidden=\"true\" class=\"wp-block-spacer\"><\/div>\n","protected":false},"excerpt":{"rendered":"<p>Para os alunos: Cartaz dirigido ao 1\u00baciclo clique na imagem para descarregar vers\u00e3o PDF Cartaz dirigido ao 2\u00ba\/3\u00baciclo clique na imagem para descarregar vers\u00e3o PDF Cartaz dirigido ao Secund\u00e1rio clique na imagem para descarregar vers\u00e3o PDF Para os pais:&nbsp; clique na imagem para descarregar vers\u00e3o PDF V\u00eddeos para incentivar \u00e0 inscri\u00e7\u00e3o: Para alunos mais novos<\/p>\n","protected":false},"author":2,"featured_media":0,"parent":0,"menu_order":0,"comment_status":"closed","ping_status":"closed","template":"","meta":{"_uag_custom_page_level_css":"","_themeisle_gutenberg_block_has_review":false,"_vp_format_video_url":"","_vp_image_focal_point":[],"footnotes":""},"class_list":["post-18187","page","type-page","status-publish","hentry"],"yoast_head":"<!-- This site is optimized with the Yoast SEO plugin v27.5 - https:\/\/yoast.com\/product\/yoast-seo-wordpress\/ -->\n<title>MATERIAL DE DIVULGA\u00c7\u00c3O COMACEP - AEP<\/title>\n<meta name=\"robots\" content=\"index, follow, max-snippet:-1, max-image-preview:large, max-video-preview:-1\" \/>\n<link rel=\"canonical\" href=\"https:\/\/aliancaevangelica.pt\/site\/material-de-divulgacao-comacep\/\" \/>\n<meta property=\"og:locale\" content=\"pt_PT\" \/>\n<meta property=\"og:type\" content=\"article\" \/>\n<meta property=\"og:title\" content=\"MATERIAL DE DIVULGA\u00c7\u00c3O COMACEP - AEP\" \/>\n<meta property=\"og:description\" content=\"Para os alunos: Cartaz dirigido ao 1\u00baciclo clique na imagem para descarregar vers\u00e3o PDF Cartaz dirigido ao 2\u00ba\/3\u00baciclo clique na imagem para descarregar vers\u00e3o PDF Cartaz dirigido ao Secund\u00e1rio clique na imagem para descarregar vers\u00e3o PDF Para os pais:&nbsp; clique na imagem para descarregar vers\u00e3o PDF V\u00eddeos para incentivar \u00e0 inscri\u00e7\u00e3o: Para alunos mais novos\" \/>\n<meta property=\"og:url\" content=\"https:\/\/aliancaevangelica.pt\/site\/material-de-divulgacao-comacep\/\" \/>\n<meta property=\"og:site_name\" content=\"AEP\" \/>\n<meta property=\"article:publisher\" content=\"http:\/\/facebook.com\/aeportuguesa\" \/>\n<meta property=\"article:modified_time\" content=\"2026-04-29T16:27:39+00:00\" \/>\n<meta property=\"og:image\" content=\"https:\/\/aliancaevangelica.pt\/site\/wp-content\/uploads\/2020\/04\/Cartaz1ciclo.png\" \/>\n\t<meta property=\"og:image:width\" content=\"799\" \/>\n\t<meta property=\"og:image:height\" content=\"1124\" \/>\n\t<meta property=\"og:image:type\" content=\"image\/png\" \/>\n<meta name=\"twitter:card\" content=\"summary_large_image\" \/>\n<meta name=\"twitter:label1\" content=\"Tempo estimado de leitura\" \/>\n\t<meta name=\"twitter:data1\" content=\"2 minutos\" \/>\n<script type=\"application\/ld+json\" class=\"yoast-schema-graph\">{\"@context\":\"https:\\\/\\\/schema.org\",\"@graph\":[{\"@type\":\"WebPage\",\"@id\":\"https:\\\/\\\/aliancaevangelica.pt\\\/site\\\/material-de-divulgacao-comacep\\\/\",\"url\":\"https:\\\/\\\/aliancaevangelica.pt\\\/site\\\/material-de-divulgacao-comacep\\\/\",\"name\":\"MATERIAL DE DIVULGA\u00c7\u00c3O COMACEP - AEP\",\"isPartOf\":{\"@id\":\"https:\\\/\\\/aliancaevangelica.pt\\\/site\\\/#website\"},\"primaryImageOfPage\":{\"@id\":\"https:\\\/\\\/aliancaevangelica.pt\\\/site\\\/material-de-divulgacao-comacep\\\/#primaryimage\"},\"image\":{\"@id\":\"https:\\\/\\\/aliancaevangelica.pt\\\/site\\\/material-de-divulgacao-comacep\\\/#primaryimage\"},\"thumbnailUrl\":\"https:\\\/\\\/aliancaevangelica.pt\\\/site\\\/wp-content\\\/uploads\\\/2020\\\/04\\\/Cartaz1ciclo-213x300.png\",\"datePublished\":\"2020-04-24T18:37:45+00:00\",\"dateModified\":\"2026-04-29T16:27:39+00:00\",\"breadcrumb\":{\"@id\":\"https:\\\/\\\/aliancaevangelica.pt\\\/site\\\/material-de-divulgacao-comacep\\\/#breadcrumb\"},\"inLanguage\":\"pt-PT\",\"potentialAction\":[{\"@type\":\"ReadAction\",\"target\":[\"https:\\\/\\\/aliancaevangelica.pt\\\/site\\\/material-de-divulgacao-comacep\\\/\"]}]},{\"@type\":\"ImageObject\",\"inLanguage\":\"pt-PT\",\"@id\":\"https:\\\/\\\/aliancaevangelica.pt\\\/site\\\/material-de-divulgacao-comacep\\\/#primaryimage\",\"url\":\"https:\\\/\\\/aliancaevangelica.pt\\\/site\\\/wp-content\\\/uploads\\\/2020\\\/04\\\/Cartaz1ciclo.png\",\"contentUrl\":\"https:\\\/\\\/aliancaevangelica.pt\\\/site\\\/wp-content\\\/uploads\\\/2020\\\/04\\\/Cartaz1ciclo.png\",\"width\":799,\"height\":1124},{\"@type\":\"BreadcrumbList\",\"@id\":\"https:\\\/\\\/aliancaevangelica.pt\\\/site\\\/material-de-divulgacao-comacep\\\/#breadcrumb\",\"itemListElement\":[{\"@type\":\"ListItem\",\"position\":1,\"name\":\"In\u00edcio\",\"item\":\"https:\\\/\\\/aliancaevangelica.pt\\\/site\\\/\"},{\"@type\":\"ListItem\",\"position\":2,\"name\":\"MATERIAL DE DIVULGA\u00c7\u00c3O COMACEP\"}]},{\"@type\":\"WebSite\",\"@id\":\"https:\\\/\\\/aliancaevangelica.pt\\\/site\\\/#website\",\"url\":\"https:\\\/\\\/aliancaevangelica.pt\\\/site\\\/\",\"name\":\"Alian\u00e7a Evang\u00e9lica Portuguesa\",\"description\":\"Alian\u00e7a Evang\u00e9lica Portuguesa\",\"publisher\":{\"@id\":\"https:\\\/\\\/aliancaevangelica.pt\\\/site\\\/#organization\"},\"potentialAction\":[{\"@type\":\"SearchAction\",\"target\":{\"@type\":\"EntryPoint\",\"urlTemplate\":\"https:\\\/\\\/aliancaevangelica.pt\\\/site\\\/?s={search_term_string}\"},\"query-input\":{\"@type\":\"PropertyValueSpecification\",\"valueRequired\":true,\"valueName\":\"search_term_string\"}}],\"inLanguage\":\"pt-PT\"},{\"@type\":\"Organization\",\"@id\":\"https:\\\/\\\/aliancaevangelica.pt\\\/site\\\/#organization\",\"name\":\"Alian\u00e7a Evang\u00e9lica Portuguesa\",\"url\":\"https:\\\/\\\/aliancaevangelica.pt\\\/site\\\/\",\"logo\":{\"@type\":\"ImageObject\",\"inLanguage\":\"pt-PT\",\"@id\":\"https:\\\/\\\/aliancaevangelica.pt\\\/site\\\/#\\\/schema\\\/logo\\\/image\\\/\",\"url\":\"https:\\\/\\\/aliancaevangelica.pt\\\/site\\\/wp-content\\\/uploads\\\/2017\\\/11\\\/logo-AEP-cor.png\",\"contentUrl\":\"https:\\\/\\\/aliancaevangelica.pt\\\/site\\\/wp-content\\\/uploads\\\/2017\\\/11\\\/logo-AEP-cor.png\",\"width\":1156,\"height\":672,\"caption\":\"Alian\u00e7a Evang\u00e9lica Portuguesa\"},\"image\":{\"@id\":\"https:\\\/\\\/aliancaevangelica.pt\\\/site\\\/#\\\/schema\\\/logo\\\/image\\\/\"},\"sameAs\":[\"http:\\\/\\\/facebook.com\\\/aeportuguesa\",\"http:\\\/\\\/instagram.com\\\/aliancaep\",\"http:\\\/\\\/youtube.com\\\/aeportuguesa\"]}]}<\/script>\n<!-- \/ Yoast SEO plugin. -->","yoast_head_json":{"title":"MATERIAL DE DIVULGA\u00c7\u00c3O COMACEP - AEP","robots":{"index":"index","follow":"follow","max-snippet":"max-snippet:-1","max-image-preview":"max-image-preview:large","max-video-preview":"max-video-preview:-1"},"canonical":"https:\/\/aliancaevangelica.pt\/site\/material-de-divulgacao-comacep\/","og_locale":"pt_PT","og_type":"article","og_title":"MATERIAL DE DIVULGA\u00c7\u00c3O COMACEP - AEP","og_description":"Para os alunos: Cartaz dirigido ao 1\u00baciclo clique na imagem para descarregar vers\u00e3o PDF Cartaz dirigido ao 2\u00ba\/3\u00baciclo clique na imagem para descarregar vers\u00e3o PDF Cartaz dirigido ao Secund\u00e1rio clique na imagem para descarregar vers\u00e3o PDF Para os pais:&nbsp; clique na imagem para descarregar vers\u00e3o PDF V\u00eddeos para incentivar \u00e0 inscri\u00e7\u00e3o: Para alunos mais novos","og_url":"https:\/\/aliancaevangelica.pt\/site\/material-de-divulgacao-comacep\/","og_site_name":"AEP","article_publisher":"http:\/\/facebook.com\/aeportuguesa","article_modified_time":"2026-04-29T16:27:39+00:00","og_image":[{"width":799,"height":1124,"url":"https:\/\/aliancaevangelica.pt\/site\/wp-content\/uploads\/2020\/04\/Cartaz1ciclo.png","type":"image\/png"}],"twitter_card":"summary_large_image","twitter_misc":{"Tempo estimado de leitura":"2 minutos"},"schema":{"@context":"https:\/\/schema.org","@graph":[{"@type":"WebPage","@id":"https:\/\/aliancaevangelica.pt\/site\/material-de-divulgacao-comacep\/","url":"https:\/\/aliancaevangelica.pt\/site\/material-de-divulgacao-comacep\/","name":"MATERIAL DE DIVULGA\u00c7\u00c3O COMACEP - AEP","isPartOf":{"@id":"https:\/\/aliancaevangelica.pt\/site\/#website"},"primaryImageOfPage":{"@id":"https:\/\/aliancaevangelica.pt\/site\/material-de-divulgacao-comacep\/#primaryimage"},"image":{"@id":"https:\/\/aliancaevangelica.pt\/site\/material-de-divulgacao-comacep\/#primaryimage"},"thumbnailUrl":"https:\/\/aliancaevangelica.pt\/site\/wp-content\/uploads\/2020\/04\/Cartaz1ciclo-213x300.png","datePublished":"2020-04-24T18:37:45+00:00","dateModified":"2026-04-29T16:27:39+00:00","breadcrumb":{"@id":"https:\/\/aliancaevangelica.pt\/site\/material-de-divulgacao-comacep\/#breadcrumb"},"inLanguage":"pt-PT","potentialAction":[{"@type":"ReadAction","target":["https:\/\/aliancaevangelica.pt\/site\/material-de-divulgacao-comacep\/"]}]},{"@type":"ImageObject","inLanguage":"pt-PT","@id":"https:\/\/aliancaevangelica.pt\/site\/material-de-divulgacao-comacep\/#primaryimage","url":"https:\/\/aliancaevangelica.pt\/site\/wp-content\/uploads\/2020\/04\/Cartaz1ciclo.png","contentUrl":"https:\/\/aliancaevangelica.pt\/site\/wp-content\/uploads\/2020\/04\/Cartaz1ciclo.png","width":799,"height":1124},{"@type":"BreadcrumbList","@id":"https:\/\/aliancaevangelica.pt\/site\/material-de-divulgacao-comacep\/#breadcrumb","itemListElement":[{"@type":"ListItem","position":1,"name":"In\u00edcio","item":"https:\/\/aliancaevangelica.pt\/site\/"},{"@type":"ListItem","position":2,"name":"MATERIAL DE DIVULGA\u00c7\u00c3O COMACEP"}]},{"@type":"WebSite","@id":"https:\/\/aliancaevangelica.pt\/site\/#website","url":"https:\/\/aliancaevangelica.pt\/site\/","name":"Alian\u00e7a Evang\u00e9lica Portuguesa","description":"Alian\u00e7a Evang\u00e9lica Portuguesa","publisher":{"@id":"https:\/\/aliancaevangelica.pt\/site\/#organization"},"potentialAction":[{"@type":"SearchAction","target":{"@type":"EntryPoint","urlTemplate":"https:\/\/aliancaevangelica.pt\/site\/?s={search_term_string}"},"query-input":{"@type":"PropertyValueSpecification","valueRequired":true,"valueName":"search_term_string"}}],"inLanguage":"pt-PT"},{"@type":"Organization","@id":"https:\/\/aliancaevangelica.pt\/site\/#organization","name":"Alian\u00e7a Evang\u00e9lica Portuguesa","url":"https:\/\/aliancaevangelica.pt\/site\/","logo":{"@type":"ImageObject","inLanguage":"pt-PT","@id":"https:\/\/aliancaevangelica.pt\/site\/#\/schema\/logo\/image\/","url":"https:\/\/aliancaevangelica.pt\/site\/wp-content\/uploads\/2017\/11\/logo-AEP-cor.png","contentUrl":"https:\/\/aliancaevangelica.pt\/site\/wp-content\/uploads\/2017\/11\/logo-AEP-cor.png","width":1156,"height":672,"caption":"Alian\u00e7a Evang\u00e9lica Portuguesa"},"image":{"@id":"https:\/\/aliancaevangelica.pt\/site\/#\/schema\/logo\/image\/"},"sameAs":["http:\/\/facebook.com\/aeportuguesa","http:\/\/instagram.com\/aliancaep","http:\/\/youtube.com\/aeportuguesa"]}]}},"uagb_featured_image_src":{"full":false,"thumbnail":false,"medium":false,"medium_large":false,"large":false,"1536x1536":false,"2048x2048":false,"vp_sm":false,"vp_md":false,"vp_lg":false,"vp_xl":false,"vp_sm_popup":false,"vp_md_popup":false,"vp_xl_popup":false,"newsx-150x100":false,"newsx-330x220":false,"newsx-420x280":false,"newsx-510x340":false,"newsx-640x480":false,"newsx-670x370":false,"newsx-860x570":false,"newsx-1000x750":false,"newsx-1200x600":false},"uagb_author_info":{"display_name":"AEP","author_link":"https:\/\/aliancaevangelica.pt\/site\/author\/aeportugal\/"},"uagb_comment_info":0,"uagb_excerpt":"Para os alunos: Cartaz dirigido ao 1\u00baciclo clique na imagem para descarregar vers\u00e3o PDF Cartaz dirigido ao 2\u00ba\/3\u00baciclo clique na imagem para descarregar vers\u00e3o PDF Cartaz dirigido ao Secund\u00e1rio clique na imagem para descarregar vers\u00e3o PDF Para os pais:&nbsp; clique na imagem para descarregar vers\u00e3o PDF V\u00eddeos para incentivar \u00e0 inscri\u00e7\u00e3o: Para alunos mais novos","_links":{"self":[{"href":"https:\/\/aliancaevangelica.pt\/site\/wp-json\/wp\/v2\/pages\/18187","targetHints":{"allow":["GET"]}}],"collection":[{"href":"https:\/\/aliancaevangelica.pt\/site\/wp-json\/wp\/v2\/pages"}],"about":[{"href":"https:\/\/aliancaevangelica.pt\/site\/wp-json\/wp\/v2\/types\/page"}],"author":[{"embeddable":true,"href":"https:\/\/aliancaevangelica.pt\/site\/wp-json\/wp\/v2\/users\/2"}],"replies":[{"embeddable":true,"href":"https:\/\/aliancaevangelica.pt\/site\/wp-json\/wp\/v2\/comments?post=18187"}],"version-history":[{"count":22,"href":"https:\/\/aliancaevangelica.pt\/site\/wp-json\/wp\/v2\/pages\/18187\/revisions"}],"predecessor-version":[{"id":24103,"href":"https:\/\/aliancaevangelica.pt\/site\/wp-json\/wp\/v2\/pages\/18187\/revisions\/24103"}],"wp:attachment":[{"href":"https:\/\/aliancaevangelica.pt\/site\/wp-json\/wp\/v2\/media?parent=18187"}],"curies":[{"name":"wp","href":"https:\/\/api.w.org\/{rel}","templated":true}]}}