{"id":16068,"date":"2018-05-24T16:50:09","date_gmt":"2018-05-24T16:50:09","guid":{"rendered":"https:\/\/aliancaevangelica.pt\/site\/?page_id=16068"},"modified":"2026-03-04T00:32:25","modified_gmt":"2026-03-04T00:32:25","slug":"privacidade","status":"publish","type":"page","link":"https:\/\/aliancaevangelica.pt\/site\/privacidade\/","title":{"rendered":"Pol\u00edtica de Privacidade"},"content":{"rendered":"\n<p>A <strong>Alian\u00e7a Evang\u00e9lica portuguesa<\/strong> (<strong>AEP<\/strong>) est\u00e1 empenhada em manter a sua confian\u00e7a. A diretiva de privacidade online destina-se a proteger e resguardar os seus dados pessoais (quaisquer informa\u00e7\u00f5es pelas quais possa vir a ser identificado\/a) que venha a fornecer online ao nosso minist\u00e9rio.<\/p>\n\n\n\n<h3 class=\"wp-block-heading\">Sensibiliza\u00e7\u00e3o<\/h3>\n\n\n\n<p>A <strong>AEP <\/strong>disponibiliza esta pol\u00edtica de privacidade online para informar como os seus dados s\u00e3o recolhidos e usados, bem como para alertar sobre nossas pr\u00e1ticas de seguran\u00e7a. Tamb\u00e9m disponibilizamos a possibilidade de remover o seu nome da nossa base de dados, se assim o desejar.<\/p>\n\n\n\n<h3 class=\"wp-block-heading\">As informa\u00e7\u00f5es que recolhemos<\/h3>\n\n\n\n<p>Existem tr\u00eas formas diferentes de receber dados dos utilizadores dos nossos Websites: 1. Atrav\u00e9s de pedidos de informa\u00e7\u00f5es online ( correio eletr\u00f3nico, newsletters, formul\u00e1rios de contacto, etc); 2. Atrav\u00e9s pedidos de materiais da nossa organiza\u00e7\u00e3o online (devocionais, inscri\u00e7\u00f5es em eventos, campanhas ou atividades); 3. E atrav\u00e9s donativos online.<\/p>\n\n\n\n<p>A informa\u00e7\u00e3o que podemos recolher online inclui nome, idade, fun\u00e7\u00e3o, endere\u00e7o completo com c\u00f3digo postal, n\u00famero de telefone e endere\u00e7o de email. Com o objetivo de melhorar continuamente o nosso servi\u00e7o e personalizar as nossas comunica\u00e7\u00f5es futuras, tamb\u00e9m poderemos pedir-lhe alguns dados estat\u00edsticos, coment\u00e1rios, interesses profissionais, e prefer\u00eancias de contacto.<\/p>\n\n\n\n<h3 class=\"wp-block-heading\">Como \u00e9 utilizada a informa\u00e7\u00e3o<\/h3>\n\n\n\n<p>A <strong>AEP <\/strong>utiliza os seus dados para compreender as suas necessidades e para lhe proporcionar um melhor servi\u00e7o online. Poderemos usar os seus dados para personalizar o nosso site para si. Se assim o desejar, tamb\u00e9m poderemos usar esses dados para lhe enviar informa\u00e7\u00f5es atualizadas sobre projetos e atividades do nosso minist\u00e9rio. Tamb\u00e9m disponibilizamos a oportunidade de remover o seu nome da nossa base de dados, se assim o desejar. Por favor, rev\u00ea a sec\u00e7\u00e3o correspondente mais abaixo nesta diretiva de privacidade.<\/p>\n\n\n\n<p>Al\u00e9m disso, a <strong>AEP <\/strong>n\u00e3o lhe enviar\u00e1 correio eletr\u00f3nico, que n\u00e3o tenha concordado em receber. Podemos enviar-lhe periodicamente correio eletr\u00f3nico, para anunciar informa\u00e7\u00f5es de eventos. Se optar por fornecer o seu endere\u00e7o postal num formul\u00e1rio online, poder\u00e1 tamb\u00e9m receber alguma correspond\u00eancia da nossa parte.<\/p>\n\n\n\n<h3 class=\"wp-block-heading\">N\u00e3o desvendamos Informa\u00e7\u00f5es Pessoais<\/h3>\n\n\n\n<p>A <strong>AEP <\/strong>nunca vende, aluga, arrenda ou troca os seus dados pessoais com outras organiza\u00e7\u00f5es. A <strong>AEP <\/strong>garante que a identidade de todos os que entrem em contacto connosco atrav\u00e9s deste site ser\u00e1 mantida em sigilo. A <strong>AEP <\/strong>pode ocasionalmente enviar informa\u00e7\u00f5es em nome de outras organiza\u00e7\u00f5es ou minist\u00e9rios, quando os seus interesses se alinham com os da <strong>AEP<\/strong>. A utiliza\u00e7\u00e3o dos seus dados pessoais ser\u00e1 limitada a promover as atividades do minist\u00e9rio da <strong>AEP <\/strong>e minist\u00e9rios associados.<\/p>\n\n\n\n<h3 class=\"wp-block-heading\">Seguran\u00e7a<\/h3>\n\n\n\n<p>A <strong>AEP <\/strong>est\u00e1 empenhada em garantir a seguran\u00e7a dos seus dados pessoais. Para impedir o acesso n\u00e3o autorizado, manter o rigor e assegurar o uso adequado da informa\u00e7\u00e3o, estabelecemos e implementamos procedimentos f\u00edsicos, eletr\u00f3nicos e administrativos para salvaguardar e proteger as informa\u00e7\u00f5es que recolhemos online. Ao recolher ou transferir na Internet dados sens\u00edveis, tais como dados pessoais, a <strong>AEP <\/strong>utiliza Software de encripta\u00e7\u00e3o, Secure Socket Layer Protocol (SSL) . Todos os dados digitados s\u00e3o encriptados no seu browser, enviados pela Internet de forma encriptada, e depois encriptados no nosso servidor. Assim que recebemos os seus dados, estes apenas est\u00e3o acess\u00edveis a um pequeno n\u00famero de funcion\u00e1rios de confian\u00e7a da <strong>AEP <\/strong>que foram especialmente treinados para os acompanhar.<\/p>\n\n\n\n<h3 class=\"wp-block-heading\">Cookies<\/h3>\n\n\n\n<p>Periodicamente, poderemos enviar um \u201ccookie\u201d para o seu computador. Um cookie \u00e9 uma chave de dados que s\u00e3o enviados para o seu navegador a partir de um servidor Web e armazenados no disco r\u00edgido do seu computador. Um cookie n\u00e3o pode ler dados do seu disco r\u00edgido nem ler ficheiros cookie criados por outros sites. Os cookies n\u00e3o danificam o seu sistema. Usamos cookies para reconhecer a sua identidade quando voltar aos nossos sites, ou para identificar as \u00e1reas visitadas na nossa rede de sites. Podemos usar essa informa\u00e7\u00e3o para personalizar melhor o conte\u00fado exibido nos nossos sites.<\/p>\n\n\n\n<p>Muitos sites instalam cookies no seu disco r\u00edgido. Pode optar por aceitar cookies alterando as configura\u00e7\u00f5es do seu navegador. O seu navegador pode recusar todos os cookies, ou mostrar-lhe quando um cookie est\u00e1 a ser enviado. Se optar por n\u00e3o aceitar esses cookies, a sua experi\u00eancia no nosso site e noutros sites associados poder\u00e1 ser reduzida e algumas funcionalidades poder\u00e3o n\u00e3o funcionar como previsto.<\/p>\n\n\n\n<h3 class=\"wp-block-heading\">Privacidade de crian\u00e7as online<\/h3>\n\n\n\n<p>Estamos preocupados com a prote\u00e7\u00e3o da privacidade das crian\u00e7as e jovens, e n\u00e3o recolhemos quaisquer dados pessoais al\u00e9m do que \u00e9 razoavelmente necess\u00e1rio para lhes permitir a participa\u00e7\u00e3o nas atividades que oferecemos nos nossos sites. Encorajamos que acompanhe o seu filho nos acessos \u00e0 Internet e ao nosso site a fim de garantir que sua privacidade seja bem protegida.<\/p>\n\n\n\n<p>Pode ler mais sobre seguran\u00e7a online e como deve envolver-se mais na experi\u00eancia online dos seus filhos, indo ao site da Comiss\u00e3o de Protec\u00e7\u00e3o de Crian\u00e7as e Jovens em Risco \u2013 https:\/\/www.cnpdpcj.gov.pt\/.<\/p>\n\n\n\n<h3 class=\"wp-block-heading\">Links para sites externos<\/h3>\n\n\n\n<p>Este Web site cont\u00e9m links para documentos localizados em sites mantidos por outras organiza\u00e7\u00f5es ou indiv\u00edduos. Quando decidir entrar num link para outro site, deve ter consci\u00eancia de que a <strong>AEP <\/strong>n\u00e3o \u00e9 respons\u00e1vel pelas pr\u00e1ticas de privacidade ou pelo conte\u00fado desses sites.<\/p>\n\n\n\n<h3 class=\"wp-block-heading\">Remover seu nome da nossa base de dados<\/h3>\n\n\n\n<p>Disponibilizamos a possibilidade de remover o seu nome da nossa lista de correio postal, para n\u00e3o receber mais comunica\u00e7\u00f5es futuras do nosso minist\u00e9rio. Se desejar remover permanentemente o seu nome, pode enviar uma mensagem em branco para o endere\u00e7o de correio eletr\u00f3nico <a href=\"mailto:remover@aliancaevangelica.pt\">remover@aliancaevangelica.pt<\/a>. Se verificar que a nossa informa\u00e7\u00e3o sobre si \u00e9 imprecisa ou foi alterada, pode modificar as informa\u00e7\u00f5es, enviando um e-mail para <a href=\"mailto:geral@aliancaevangelica.pt\">geral@aliancaevangelica.pt<\/a>.<\/p>\n\n\n\n<p>Se desejar inscrever, remover a sua inscri\u00e7\u00e3o ou modificar as suas subscri\u00e7\u00f5es da AEP correio eletr\u00f3nico, boletins de not\u00edcias, consulte os nossos Boletins de Not\u00edcias (Newsletters).<\/p>\n\n\n\n<h3 class=\"wp-block-heading\">Como solicitar informa\u00e7\u00f5es<\/h3>\n\n\n\n<p>Se tiver coment\u00e1rios ou perguntas sobre nossa diretiva de privacidade online, n\u00e3o hesite em contactar-nos.<\/p>\n\n\n\n<div style=\"height:100px\" aria-hidden=\"true\" class=\"wp-block-spacer\"><\/div>\n","protected":false},"excerpt":{"rendered":"<p>A Alian\u00e7a Evang\u00e9lica portuguesa (AEP) est\u00e1 empenhada em manter a sua confian\u00e7a. A diretiva de privacidade online destina-se a proteger e resguardar os seus dados pessoais (quaisquer informa\u00e7\u00f5es pelas quais<\/p>\n","protected":false},"author":3,"featured_media":0,"parent":0,"menu_order":0,"comment_status":"closed","ping_status":"closed","template":"","meta":{"_uag_custom_page_level_css":"","_themeisle_gutenberg_block_has_review":false,"_vp_format_video_url":"","_vp_image_focal_point":[],"footnotes":""},"class_list":["post-16068","page","type-page","status-publish","hentry"],"yoast_head":"<!-- This site is optimized with the Yoast SEO plugin v27.4 - https:\/\/yoast.com\/product\/yoast-seo-wordpress\/ -->\n<title>Pol\u00edtica de Privacidade - AEP<\/title>\n<meta name=\"robots\" content=\"index, follow, max-snippet:-1, max-image-preview:large, max-video-preview:-1\" \/>\n<link rel=\"canonical\" href=\"https:\/\/aliancaevangelica.pt\/site\/privacidade\/\" \/>\n<meta property=\"og:locale\" content=\"pt_PT\" \/>\n<meta property=\"og:type\" content=\"article\" \/>\n<meta property=\"og:title\" content=\"Pol\u00edtica de Privacidade - AEP\" \/>\n<meta property=\"og:description\" content=\"A Alian\u00e7a Evang\u00e9lica portuguesa (AEP) est\u00e1 empenhada em manter a sua confian\u00e7a. A diretiva de privacidade online destina-se a proteger e resguardar os seus dados pessoais (quaisquer informa\u00e7\u00f5es pelas quais\" \/>\n<meta property=\"og:url\" content=\"https:\/\/aliancaevangelica.pt\/site\/privacidade\/\" \/>\n<meta property=\"og:site_name\" content=\"AEP\" \/>\n<meta property=\"article:publisher\" content=\"http:\/\/facebook.com\/aeportuguesa\" \/>\n<meta property=\"article:modified_time\" content=\"2026-03-04T00:32:25+00:00\" \/>\n<meta name=\"twitter:card\" content=\"summary_large_image\" \/>\n<meta name=\"twitter:label1\" content=\"Tempo estimado de leitura\" \/>\n\t<meta name=\"twitter:data1\" content=\"6 minutos\" \/>\n<script type=\"application\/ld+json\" class=\"yoast-schema-graph\">{\"@context\":\"https:\\\/\\\/schema.org\",\"@graph\":[{\"@type\":\"WebPage\",\"@id\":\"https:\\\/\\\/aliancaevangelica.pt\\\/site\\\/privacidade\\\/\",\"url\":\"https:\\\/\\\/aliancaevangelica.pt\\\/site\\\/privacidade\\\/\",\"name\":\"Pol\u00edtica de Privacidade - AEP\",\"isPartOf\":{\"@id\":\"https:\\\/\\\/aliancaevangelica.pt\\\/site\\\/#website\"},\"datePublished\":\"2018-05-24T16:50:09+00:00\",\"dateModified\":\"2026-03-04T00:32:25+00:00\",\"breadcrumb\":{\"@id\":\"https:\\\/\\\/aliancaevangelica.pt\\\/site\\\/privacidade\\\/#breadcrumb\"},\"inLanguage\":\"pt-PT\",\"potentialAction\":[{\"@type\":\"ReadAction\",\"target\":[\"https:\\\/\\\/aliancaevangelica.pt\\\/site\\\/privacidade\\\/\"]}]},{\"@type\":\"BreadcrumbList\",\"@id\":\"https:\\\/\\\/aliancaevangelica.pt\\\/site\\\/privacidade\\\/#breadcrumb\",\"itemListElement\":[{\"@type\":\"ListItem\",\"position\":1,\"name\":\"In\u00edcio\",\"item\":\"https:\\\/\\\/aliancaevangelica.pt\\\/site\\\/\"},{\"@type\":\"ListItem\",\"position\":2,\"name\":\"Pol\u00edtica de Privacidade\"}]},{\"@type\":\"WebSite\",\"@id\":\"https:\\\/\\\/aliancaevangelica.pt\\\/site\\\/#website\",\"url\":\"https:\\\/\\\/aliancaevangelica.pt\\\/site\\\/\",\"name\":\"Alian\u00e7a Evang\u00e9lica Portuguesa\",\"description\":\"Alian\u00e7a Evang\u00e9lica Portuguesa\",\"publisher\":{\"@id\":\"https:\\\/\\\/aliancaevangelica.pt\\\/site\\\/#organization\"},\"potentialAction\":[{\"@type\":\"SearchAction\",\"target\":{\"@type\":\"EntryPoint\",\"urlTemplate\":\"https:\\\/\\\/aliancaevangelica.pt\\\/site\\\/?s={search_term_string}\"},\"query-input\":{\"@type\":\"PropertyValueSpecification\",\"valueRequired\":true,\"valueName\":\"search_term_string\"}}],\"inLanguage\":\"pt-PT\"},{\"@type\":\"Organization\",\"@id\":\"https:\\\/\\\/aliancaevangelica.pt\\\/site\\\/#organization\",\"name\":\"Alian\u00e7a Evang\u00e9lica Portuguesa\",\"url\":\"https:\\\/\\\/aliancaevangelica.pt\\\/site\\\/\",\"logo\":{\"@type\":\"ImageObject\",\"inLanguage\":\"pt-PT\",\"@id\":\"https:\\\/\\\/aliancaevangelica.pt\\\/site\\\/#\\\/schema\\\/logo\\\/image\\\/\",\"url\":\"https:\\\/\\\/aliancaevangelica.pt\\\/site\\\/wp-content\\\/uploads\\\/2017\\\/11\\\/logo-AEP-cor.png\",\"contentUrl\":\"https:\\\/\\\/aliancaevangelica.pt\\\/site\\\/wp-content\\\/uploads\\\/2017\\\/11\\\/logo-AEP-cor.png\",\"width\":1156,\"height\":672,\"caption\":\"Alian\u00e7a Evang\u00e9lica Portuguesa\"},\"image\":{\"@id\":\"https:\\\/\\\/aliancaevangelica.pt\\\/site\\\/#\\\/schema\\\/logo\\\/image\\\/\"},\"sameAs\":[\"http:\\\/\\\/facebook.com\\\/aeportuguesa\",\"http:\\\/\\\/instagram.com\\\/aliancaep\",\"http:\\\/\\\/youtube.com\\\/aeportuguesa\"]}]}<\/script>\n<!-- \/ Yoast SEO plugin. -->","yoast_head_json":{"title":"Pol\u00edtica de Privacidade - AEP","robots":{"index":"index","follow":"follow","max-snippet":"max-snippet:-1","max-image-preview":"max-image-preview:large","max-video-preview":"max-video-preview:-1"},"canonical":"https:\/\/aliancaevangelica.pt\/site\/privacidade\/","og_locale":"pt_PT","og_type":"article","og_title":"Pol\u00edtica de Privacidade - AEP","og_description":"A Alian\u00e7a Evang\u00e9lica portuguesa (AEP) est\u00e1 empenhada em manter a sua confian\u00e7a. A diretiva de privacidade online destina-se a proteger e resguardar os seus dados pessoais (quaisquer informa\u00e7\u00f5es pelas quais","og_url":"https:\/\/aliancaevangelica.pt\/site\/privacidade\/","og_site_name":"AEP","article_publisher":"http:\/\/facebook.com\/aeportuguesa","article_modified_time":"2026-03-04T00:32:25+00:00","twitter_card":"summary_large_image","twitter_misc":{"Tempo estimado de leitura":"6 minutos"},"schema":{"@context":"https:\/\/schema.org","@graph":[{"@type":"WebPage","@id":"https:\/\/aliancaevangelica.pt\/site\/privacidade\/","url":"https:\/\/aliancaevangelica.pt\/site\/privacidade\/","name":"Pol\u00edtica de Privacidade - AEP","isPartOf":{"@id":"https:\/\/aliancaevangelica.pt\/site\/#website"},"datePublished":"2018-05-24T16:50:09+00:00","dateModified":"2026-03-04T00:32:25+00:00","breadcrumb":{"@id":"https:\/\/aliancaevangelica.pt\/site\/privacidade\/#breadcrumb"},"inLanguage":"pt-PT","potentialAction":[{"@type":"ReadAction","target":["https:\/\/aliancaevangelica.pt\/site\/privacidade\/"]}]},{"@type":"BreadcrumbList","@id":"https:\/\/aliancaevangelica.pt\/site\/privacidade\/#breadcrumb","itemListElement":[{"@type":"ListItem","position":1,"name":"In\u00edcio","item":"https:\/\/aliancaevangelica.pt\/site\/"},{"@type":"ListItem","position":2,"name":"Pol\u00edtica de Privacidade"}]},{"@type":"WebSite","@id":"https:\/\/aliancaevangelica.pt\/site\/#website","url":"https:\/\/aliancaevangelica.pt\/site\/","name":"Alian\u00e7a Evang\u00e9lica Portuguesa","description":"Alian\u00e7a Evang\u00e9lica Portuguesa","publisher":{"@id":"https:\/\/aliancaevangelica.pt\/site\/#organization"},"potentialAction":[{"@type":"SearchAction","target":{"@type":"EntryPoint","urlTemplate":"https:\/\/aliancaevangelica.pt\/site\/?s={search_term_string}"},"query-input":{"@type":"PropertyValueSpecification","valueRequired":true,"valueName":"search_term_string"}}],"inLanguage":"pt-PT"},{"@type":"Organization","@id":"https:\/\/aliancaevangelica.pt\/site\/#organization","name":"Alian\u00e7a Evang\u00e9lica Portuguesa","url":"https:\/\/aliancaevangelica.pt\/site\/","logo":{"@type":"ImageObject","inLanguage":"pt-PT","@id":"https:\/\/aliancaevangelica.pt\/site\/#\/schema\/logo\/image\/","url":"https:\/\/aliancaevangelica.pt\/site\/wp-content\/uploads\/2017\/11\/logo-AEP-cor.png","contentUrl":"https:\/\/aliancaevangelica.pt\/site\/wp-content\/uploads\/2017\/11\/logo-AEP-cor.png","width":1156,"height":672,"caption":"Alian\u00e7a Evang\u00e9lica Portuguesa"},"image":{"@id":"https:\/\/aliancaevangelica.pt\/site\/#\/schema\/logo\/image\/"},"sameAs":["http:\/\/facebook.com\/aeportuguesa","http:\/\/instagram.com\/aliancaep","http:\/\/youtube.com\/aeportuguesa"]}]}},"uagb_featured_image_src":{"full":false,"thumbnail":false,"medium":false,"medium_large":false,"large":false,"1536x1536":false,"2048x2048":false,"vp_sm":false,"vp_md":false,"vp_lg":false,"vp_xl":false,"vp_sm_popup":false,"vp_md_popup":false,"vp_xl_popup":false,"newsx-150x100":false,"newsx-330x220":false,"newsx-420x280":false,"newsx-510x340":false,"newsx-640x480":false,"newsx-670x370":false,"newsx-860x570":false,"newsx-1000x750":false,"newsx-1200x600":false},"uagb_author_info":{"display_name":"AEP","author_link":"https:\/\/aliancaevangelica.pt\/site\/author\/wpadmaep\/"},"uagb_comment_info":0,"uagb_excerpt":"A Alian\u00e7a Evang\u00e9lica portuguesa (AEP) est\u00e1 empenhada em manter a sua confian\u00e7a. A diretiva de privacidade online destina-se a proteger e resguardar os seus dados pessoais (quaisquer informa\u00e7\u00f5es pelas quais","_links":{"self":[{"href":"https:\/\/aliancaevangelica.pt\/site\/wp-json\/wp\/v2\/pages\/16068","targetHints":{"allow":["GET"]}}],"collection":[{"href":"https:\/\/aliancaevangelica.pt\/site\/wp-json\/wp\/v2\/pages"}],"about":[{"href":"https:\/\/aliancaevangelica.pt\/site\/wp-json\/wp\/v2\/types\/page"}],"author":[{"embeddable":true,"href":"https:\/\/aliancaevangelica.pt\/site\/wp-json\/wp\/v2\/users\/3"}],"replies":[{"embeddable":true,"href":"https:\/\/aliancaevangelica.pt\/site\/wp-json\/wp\/v2\/comments?post=16068"}],"version-history":[{"count":5,"href":"https:\/\/aliancaevangelica.pt\/site\/wp-json\/wp\/v2\/pages\/16068\/revisions"}],"predecessor-version":[{"id":21536,"href":"https:\/\/aliancaevangelica.pt\/site\/wp-json\/wp\/v2\/pages\/16068\/revisions\/21536"}],"wp:attachment":[{"href":"https:\/\/aliancaevangelica.pt\/site\/wp-json\/wp\/v2\/media?parent=16068"}],"curies":[{"name":"wp","href":"https:\/\/api.w.org\/{rel}","templated":true}]}}